{"id":33,"date":"2020-09-24T19:13:46","date_gmt":"2020-09-24T19:13:46","guid":{"rendered":"https:\/\/masajeseroticostarragona.com\/?page_id=33"},"modified":"2021-07-20T15:44:48","modified_gmt":"2021-07-20T14:44:48","slug":"masajes-eroticos-tarragona","status":"publish","type":"page","link":"https:\/\/masajeseroticostarragona.com\/","title":{"rendered":"Masajes Er\u00f3ticos Tarragona Reus Salou | Masajes Final Feliz"},"content":{"rendered":"<div class=\"wpb-content-wrapper\"><p>[vc_row][vc_column][vc_empty_space][vc_column_text]<\/p>\n<p style=\"text-align: center;\">Directorio de <a href=\"https:\/\/masajeseroticostarragona.com\/\">Masajes Er\u00f3ticos Tarragona Reus Salou<\/a> y provincia con posibilidad de masajes con final feliz por profesionales.<\/p>\n<p style=\"text-align: center;\">Masajistas t\u00e1ntricas en Tarragona dedicadas a este tipo de servicio, realizaci\u00f3n de masaje tailand\u00e9s en centro de masajes er\u00f3ticos.<\/p>\n<p style=\"text-align: center;\">Este tipo de masajes tambi\u00e9n conocidos como masajes cuerpo a cuerpo o masajes sensitivos Tarragona podr\u00e1s encontrarlos a continuaci\u00f3n pinchando sobre los siguientes botones.<\/p>\n<p>[\/vc_column_text][\/vc_column][\/vc_row][vc_row][vc_column width=\u00bb1\/2&#8243;][vc_empty_space][vc_btn title=\u00bbInserta tu anuncio\u00bb color=\u00bbjuicy-pink\u00bb size=\u00bblg\u00bb i_icon_fontawesome=\u00bbfas fa-guitar\u00bb add_icon=\u00bbtrue\u00bb link=\u00bburl:https%3A%2F%2Fmasajeseroticostarragona.com%2Fcrear-anuncio%2F\u00bb][\/vc_column][vc_column width=\u00bb1\/2&#8243;][vc_empty_space][vc_btn title=\u00bbAnuncios Masajes Er\u00f3ticos Tarragona\u00bb color=\u00bbjuicy-pink\u00bb size=\u00bblg\u00bb i_icon_fontawesome=\u00bbfab fa-buysellads\u00bb add_icon=\u00bbtrue\u00bb link=\u00bburl:https%3A%2F%2Fmasajeseroticostarragona.com%2Fads%2F\u00bb][\/vc_column][\/vc_row]<\/p>\n<\/div>","protected":false},"excerpt":{"rendered":"<p>[vc_row][vc_column][vc_empty_space][vc_column_text] Directorio de Masajes Er\u00f3ticos Tarragona Reus Salou y provincia con posibilidad de masajes con final feliz por profesionales. Masajistas t\u00e1ntricas en Tarragona dedicadas a este tipo de servicio, realizaci\u00f3n de masaje tailand\u00e9s en centro de masajes er\u00f3ticos. Este tipo de masajes tambi\u00e9n conocidos como masajes cuerpo a cuerpo o masajes sensitivos Tarragona podr\u00e1s encontrarlos [&hellip;]<\/p>\n","protected":false},"author":1,"featured_media":346,"parent":0,"menu_order":0,"comment_status":"closed","ping_status":"closed","template":"tpl-ads-home.php","meta":{"_joinchat":[],"footnotes":""},"class_list":["post-33","page","type-page","status-publish","has-post-thumbnail","hentry"],"yoast_head":"<!-- This site is optimized with the Yoast SEO plugin v27.4 - https:\/\/yoast.com\/product\/yoast-seo-wordpress\/ -->\n<title>Masajes Er\u00f3ticos Tarragona Reus Salou | Masajes Final Feliz<\/title>\n<meta name=\"description\" content=\"Masajes er\u00f3ticos en Tarragona, Reus y Salou por profesionales con final feliz. Precios muy competitivos y descuentos especiales para clientes\" \/>\n<meta name=\"robots\" content=\"index, follow, max-snippet:-1, max-image-preview:large, max-video-preview:-1\" \/>\n<link rel=\"canonical\" href=\"https:\/\/masajeseroticostarragona.com\/\" \/>\n<meta property=\"og:locale\" content=\"es_ES\" \/>\n<meta property=\"og:type\" content=\"article\" \/>\n<meta property=\"og:title\" content=\"Masajes Er\u00f3ticos Tarragona Reus Salou | Masajes Final Feliz\" \/>\n<meta property=\"og:description\" content=\"Masajes er\u00f3ticos en Tarragona, Reus y Salou por profesionales con final feliz. Precios muy competitivos y descuentos especiales para clientes\" \/>\n<meta property=\"og:url\" content=\"https:\/\/masajeseroticostarragona.com\/\" \/>\n<meta property=\"og:site_name\" content=\"Masajes Er\u00f3ticos Tarragona Reus Salou | Masajes Final Feliz\" \/>\n<meta property=\"article:modified_time\" content=\"2021-07-20T14:44:48+00:00\" \/>\n<meta property=\"og:image\" content=\"https:\/\/masajeseroticostarragona.com\/wp-content\/uploads\/2020\/10\/tantra-massage-amsterdam-min.jpg\" \/>\n\t<meta property=\"og:image:width\" content=\"750\" \/>\n\t<meta property=\"og:image:height\" content=\"438\" \/>\n\t<meta property=\"og:image:type\" content=\"image\/jpeg\" \/>\n<meta name=\"twitter:card\" content=\"summary_large_image\" \/>\n<meta name=\"twitter:label1\" content=\"Tiempo de lectura\" \/>\n\t<meta name=\"twitter:data1\" content=\"1 minuto\" \/>\n<!-- \/ Yoast SEO plugin. -->","yoast_head_json":{"title":"Masajes Er\u00f3ticos Tarragona Reus Salou | Masajes Final Feliz","description":"Masajes er\u00f3ticos en Tarragona, Reus y Salou por profesionales con final feliz. Precios muy competitivos y descuentos especiales para clientes","robots":{"index":"index","follow":"follow","max-snippet":"max-snippet:-1","max-image-preview":"max-image-preview:large","max-video-preview":"max-video-preview:-1"},"canonical":"https:\/\/masajeseroticostarragona.com\/","og_locale":"es_ES","og_type":"article","og_title":"Masajes Er\u00f3ticos Tarragona Reus Salou | Masajes Final Feliz","og_description":"Masajes er\u00f3ticos en Tarragona, Reus y Salou por profesionales con final feliz. Precios muy competitivos y descuentos especiales para clientes","og_url":"https:\/\/masajeseroticostarragona.com\/","og_site_name":"Masajes Er\u00f3ticos Tarragona Reus Salou | Masajes Final Feliz","article_modified_time":"2021-07-20T14:44:48+00:00","og_image":[{"width":750,"height":438,"url":"https:\/\/masajeseroticostarragona.com\/wp-content\/uploads\/2020\/10\/tantra-massage-amsterdam-min.jpg","type":"image\/jpeg"}],"twitter_card":"summary_large_image","twitter_misc":{"Tiempo de lectura":"1 minuto"},"schema":{"@context":"https:\/\/schema.org","@graph":[{"@type":"WebPage","@id":"https:\/\/masajeseroticostarragona.com\/","url":"https:\/\/masajeseroticostarragona.com\/","name":"Masajes Er\u00f3ticos Tarragona Reus Salou | Masajes Final Feliz","isPartOf":{"@id":"https:\/\/masajeseroticostarragona.com\/#website"},"primaryImageOfPage":{"@id":"https:\/\/masajeseroticostarragona.com\/#primaryimage"},"image":{"@id":"https:\/\/masajeseroticostarragona.com\/#primaryimage"},"thumbnailUrl":"https:\/\/masajeseroticostarragona.com\/wp-content\/uploads\/2020\/10\/tantra-massage-amsterdam-min.jpg","datePublished":"2020-09-24T19:13:46+00:00","dateModified":"2021-07-20T14:44:48+00:00","description":"Masajes er\u00f3ticos en Tarragona, Reus y Salou por profesionales con final feliz. Precios muy competitivos y descuentos especiales para clientes","breadcrumb":{"@id":"https:\/\/masajeseroticostarragona.com\/#breadcrumb"},"inLanguage":"es","potentialAction":[{"@type":"ReadAction","target":["https:\/\/masajeseroticostarragona.com\/"]}]},{"@type":"ImageObject","inLanguage":"es","@id":"https:\/\/masajeseroticostarragona.com\/#primaryimage","url":"https:\/\/masajeseroticostarragona.com\/wp-content\/uploads\/2020\/10\/tantra-massage-amsterdam-min.jpg","contentUrl":"https:\/\/masajeseroticostarragona.com\/wp-content\/uploads\/2020\/10\/tantra-massage-amsterdam-min.jpg","width":750,"height":438,"caption":"masajes er\u00f3ticos en Taragona"},{"@type":"BreadcrumbList","@id":"https:\/\/masajeseroticostarragona.com\/#breadcrumb","itemListElement":[{"@type":"ListItem","position":1,"name":"Portada","item":"https:\/\/masajeseroticostarragona.com\/"},{"@type":"ListItem","position":2,"name":"Masajes Er\u00f3ticos Tarragona Reus Salou | Masajes Final Feliz"}]},{"@type":"WebSite","@id":"https:\/\/masajeseroticostarragona.com\/#website","url":"https:\/\/masajeseroticostarragona.com\/","name":"Masajes Er\u00f3ticos Tarragona Reus Salou | Masajes Final Feliz","description":"Masajes er\u00f3ticos en Tarragona, Reus y Salou por profesionales con final feliz.","publisher":{"@id":"https:\/\/masajeseroticostarragona.com\/#organization"},"potentialAction":[{"@type":"SearchAction","target":{"@type":"EntryPoint","urlTemplate":"https:\/\/masajeseroticostarragona.com\/?s={search_term_string}"},"query-input":{"@type":"PropertyValueSpecification","valueRequired":true,"valueName":"search_term_string"}}],"inLanguage":"es"},{"@type":"Organization","@id":"https:\/\/masajeseroticostarragona.com\/#organization","name":"masajes er\u00f3ticos tarragona","url":"https:\/\/masajeseroticostarragona.com\/","logo":{"@type":"ImageObject","inLanguage":"es","@id":"https:\/\/masajeseroticostarragona.com\/#\/schema\/logo\/image\/","url":"https:\/\/masajeseroticostarragona.com\/wp-content\/uploads\/2020\/09\/unnamed-1-e1601334250663.png","contentUrl":"https:\/\/masajeseroticostarragona.com\/wp-content\/uploads\/2020\/09\/unnamed-1-e1601334250663.png","width":222,"height":166,"caption":"masajes er\u00f3ticos tarragona"},"image":{"@id":"https:\/\/masajeseroticostarragona.com\/#\/schema\/logo\/image\/"}}]}},"jetpack-related-posts":[],"jetpack_sharing_enabled":true,"_links":{"self":[{"href":"https:\/\/masajeseroticostarragona.com\/index.php?rest_route=\/wp\/v2\/pages\/33","targetHints":{"allow":["GET"]}}],"collection":[{"href":"https:\/\/masajeseroticostarragona.com\/index.php?rest_route=\/wp\/v2\/pages"}],"about":[{"href":"https:\/\/masajeseroticostarragona.com\/index.php?rest_route=\/wp\/v2\/types\/page"}],"author":[{"embeddable":true,"href":"https:\/\/masajeseroticostarragona.com\/index.php?rest_route=\/wp\/v2\/users\/1"}],"replies":[{"embeddable":true,"href":"https:\/\/masajeseroticostarragona.com\/index.php?rest_route=%2Fwp%2Fv2%2Fcomments&post=33"}],"version-history":[{"count":15,"href":"https:\/\/masajeseroticostarragona.com\/index.php?rest_route=\/wp\/v2\/pages\/33\/revisions"}],"predecessor-version":[{"id":1414,"href":"https:\/\/masajeseroticostarragona.com\/index.php?rest_route=\/wp\/v2\/pages\/33\/revisions\/1414"}],"wp:featuredmedia":[{"embeddable":true,"href":"https:\/\/masajeseroticostarragona.com\/index.php?rest_route=\/wp\/v2\/media\/346"}],"wp:attachment":[{"href":"https:\/\/masajeseroticostarragona.com\/index.php?rest_route=%2Fwp%2Fv2%2Fmedia&parent=33"}],"curies":[{"name":"wp","href":"https:\/\/api.w.org\/{rel}","templated":true}]}}