{"id":34,"date":"2020-09-24T19:13:46","date_gmt":"2020-09-24T19:13:46","guid":{"rendered":"https:\/\/masajeseroticostarragona.com\/?page_id=34"},"modified":"2021-07-21T17:25:50","modified_gmt":"2021-07-21T16:25:50","slug":"categorias","status":"publish","type":"page","link":"https:\/\/masajeseroticostarragona.com\/?page_id=34","title":{"rendered":"Categorias"},"content":{"rendered":"","protected":false},"excerpt":{"rendered":"","protected":false},"author":1,"featured_media":0,"parent":0,"menu_order":0,"comment_status":"closed","ping_status":"closed","template":"tpl-categories.php","meta":{"_joinchat":[],"footnotes":""},"class_list":["post-34","page","type-page","status-publish","hentry"],"yoast_head":"<!-- This site is optimized with the Yoast SEO plugin v27.4 - https:\/\/yoast.com\/product\/yoast-seo-wordpress\/ -->\n<title>Categorias - Masajes Er\u00f3ticos Tarragona Reus Salou | Masajes Final Feliz<\/title>\n<meta name=\"description\" content=\"Categor\u00edas de anuncios de Masajes Er\u00f3ticos Tarragona Reus Salou | Masajes Final Feliz. Podr\u00e1s encontrar los anuncios clasificados de clientes\" \/>\n<meta name=\"robots\" content=\"index, follow, max-snippet:-1, max-image-preview:large, max-video-preview:-1\" \/>\n<link rel=\"canonical\" href=\"https:\/\/masajeseroticostarragona.com\/?page_id=34\" \/>\n<meta property=\"og:locale\" content=\"es_ES\" \/>\n<meta property=\"og:type\" content=\"article\" \/>\n<meta property=\"og:title\" content=\"Categorias - Masajes Er\u00f3ticos Tarragona Reus Salou | Masajes Final Feliz\" \/>\n<meta property=\"og:description\" content=\"Categor\u00edas de anuncios de Masajes Er\u00f3ticos Tarragona Reus Salou | Masajes Final Feliz. Podr\u00e1s encontrar los anuncios clasificados de clientes\" \/>\n<meta property=\"og:url\" content=\"https:\/\/masajeseroticostarragona.com\/?page_id=34\" \/>\n<meta property=\"og:site_name\" content=\"Masajes Er\u00f3ticos Tarragona Reus Salou | Masajes Final Feliz\" \/>\n<meta property=\"article:modified_time\" content=\"2021-07-21T16:25:50+00:00\" \/>\n<meta name=\"twitter:card\" content=\"summary_large_image\" \/>\n<!-- \/ Yoast SEO plugin. -->","yoast_head_json":{"title":"Categorias - Masajes Er\u00f3ticos Tarragona Reus Salou | Masajes Final Feliz","description":"Categor\u00edas de anuncios de Masajes Er\u00f3ticos Tarragona Reus Salou | Masajes Final Feliz. Podr\u00e1s encontrar los anuncios clasificados de clientes","robots":{"index":"index","follow":"follow","max-snippet":"max-snippet:-1","max-image-preview":"max-image-preview:large","max-video-preview":"max-video-preview:-1"},"canonical":"https:\/\/masajeseroticostarragona.com\/?page_id=34","og_locale":"es_ES","og_type":"article","og_title":"Categorias - Masajes Er\u00f3ticos Tarragona Reus Salou | Masajes Final Feliz","og_description":"Categor\u00edas de anuncios de Masajes Er\u00f3ticos Tarragona Reus Salou | Masajes Final Feliz. Podr\u00e1s encontrar los anuncios clasificados de clientes","og_url":"https:\/\/masajeseroticostarragona.com\/?page_id=34","og_site_name":"Masajes Er\u00f3ticos Tarragona Reus Salou | Masajes Final Feliz","article_modified_time":"2021-07-21T16:25:50+00:00","twitter_card":"summary_large_image","schema":{"@context":"https:\/\/schema.org","@graph":[{"@type":"WebPage","@id":"https:\/\/masajeseroticostarragona.com\/?page_id=34","url":"https:\/\/masajeseroticostarragona.com\/?page_id=34","name":"Categorias - Masajes Er\u00f3ticos Tarragona Reus Salou | Masajes Final Feliz","isPartOf":{"@id":"https:\/\/masajeseroticostarragona.com\/#website"},"datePublished":"2020-09-24T19:13:46+00:00","dateModified":"2021-07-21T16:25:50+00:00","description":"Categor\u00edas de anuncios de Masajes Er\u00f3ticos Tarragona Reus Salou | Masajes Final Feliz. Podr\u00e1s encontrar los anuncios clasificados de clientes","breadcrumb":{"@id":"https:\/\/masajeseroticostarragona.com\/?page_id=34#breadcrumb"},"inLanguage":"es","potentialAction":[{"@type":"ReadAction","target":["https:\/\/masajeseroticostarragona.com\/?page_id=34"]}]},{"@type":"BreadcrumbList","@id":"https:\/\/masajeseroticostarragona.com\/?page_id=34#breadcrumb","itemListElement":[{"@type":"ListItem","position":1,"name":"Portada","item":"https:\/\/masajeseroticostarragona.com\/"},{"@type":"ListItem","position":2,"name":"Categorias"}]},{"@type":"WebSite","@id":"https:\/\/masajeseroticostarragona.com\/#website","url":"https:\/\/masajeseroticostarragona.com\/","name":"Masajes Er\u00f3ticos Tarragona Reus Salou | Masajes Final Feliz","description":"Masajes er\u00f3ticos en Tarragona, Reus y Salou por profesionales con final feliz.","publisher":{"@id":"https:\/\/masajeseroticostarragona.com\/#organization"},"potentialAction":[{"@type":"SearchAction","target":{"@type":"EntryPoint","urlTemplate":"https:\/\/masajeseroticostarragona.com\/?s={search_term_string}"},"query-input":{"@type":"PropertyValueSpecification","valueRequired":true,"valueName":"search_term_string"}}],"inLanguage":"es"},{"@type":"Organization","@id":"https:\/\/masajeseroticostarragona.com\/#organization","name":"masajes er\u00f3ticos tarragona","url":"https:\/\/masajeseroticostarragona.com\/","logo":{"@type":"ImageObject","inLanguage":"es","@id":"https:\/\/masajeseroticostarragona.com\/#\/schema\/logo\/image\/","url":"https:\/\/masajeseroticostarragona.com\/wp-content\/uploads\/2020\/09\/unnamed-1-e1601334250663.png","contentUrl":"https:\/\/masajeseroticostarragona.com\/wp-content\/uploads\/2020\/09\/unnamed-1-e1601334250663.png","width":222,"height":166,"caption":"masajes er\u00f3ticos tarragona"},"image":{"@id":"https:\/\/masajeseroticostarragona.com\/#\/schema\/logo\/image\/"}}]}},"jetpack-related-posts":[],"jetpack_sharing_enabled":true,"_links":{"self":[{"href":"https:\/\/masajeseroticostarragona.com\/index.php?rest_route=\/wp\/v2\/pages\/34","targetHints":{"allow":["GET"]}}],"collection":[{"href":"https:\/\/masajeseroticostarragona.com\/index.php?rest_route=\/wp\/v2\/pages"}],"about":[{"href":"https:\/\/masajeseroticostarragona.com\/index.php?rest_route=\/wp\/v2\/types\/page"}],"author":[{"embeddable":true,"href":"https:\/\/masajeseroticostarragona.com\/index.php?rest_route=\/wp\/v2\/users\/1"}],"replies":[{"embeddable":true,"href":"https:\/\/masajeseroticostarragona.com\/index.php?rest_route=%2Fwp%2Fv2%2Fcomments&post=34"}],"version-history":[{"count":1,"href":"https:\/\/masajeseroticostarragona.com\/index.php?rest_route=\/wp\/v2\/pages\/34\/revisions"}],"predecessor-version":[{"id":1427,"href":"https:\/\/masajeseroticostarragona.com\/index.php?rest_route=\/wp\/v2\/pages\/34\/revisions\/1427"}],"wp:attachment":[{"href":"https:\/\/masajeseroticostarragona.com\/index.php?rest_route=%2Fwp%2Fv2%2Fmedia&parent=34"}],"curies":[{"name":"wp","href":"https:\/\/api.w.org\/{rel}","templated":true}]}}