{"id":368,"date":"2020-10-14T18:02:27","date_gmt":"2020-10-14T17:02:27","guid":{"rendered":"https:\/\/masajeseroticostarragona.com\/?page_id=368"},"modified":"2021-07-21T17:52:20","modified_gmt":"2021-07-21T16:52:20","slug":"masaje-final-feliz-tarragona","status":"publish","type":"page","link":"https:\/\/masajeseroticostarragona.com\/?page_id=368","title":{"rendered":"Masaje Final Feliz Tarragona Reus Salou"},"content":{"rendered":"<div class=\"wpb-content-wrapper\"><p>[vc_row][vc_column][vc_column_text]<\/p>\r\n<p>Masaje Final Feliz en Tarragona, Reus, Salou o cercan\u00edas.<\/p>\r\n<p>Encuentra los mejores locales y particulares en nuestro buscador de Masajes Er\u00f3ticos Tarragona.<\/p>\r\n\r\n<p>El final feliz es la mejor forma de acabar un buen masaje, te recomendamos preguntar a tu proveedor el tipo de final feliz que puede ser ya que algunos de ellos suelen realizarse con la mano, pechos, boca o gl\u00fateos.<\/p>\r\n\r\n<p>Lo m\u00e1s normal que los <a href=\"https:\/\/masajeseroticostarragona.com\/\">masajes t\u00e1ntricos de Tarragona<\/a> de esta p\u00e1gina por defecto utilicen es el m\u00e9todo manual.<\/p>\r\n<p>[\/vc_column_text][vc_empty_space][vc_custom_heading text=\u00bbCuriosidades Masaje Final Feliz Tarragona\u00bb font_container=\u00bbtag:h2|text_align:center\u00bb use_theme_fonts=\u00bbyes\u00bb][\/vc_column][\/vc_row][vc_row][vc_column width=\u00bb2\/3&#8243;][vc_empty_space][vc_column_text]<\/p>\r\n<p>La duraci\u00f3n m\u00ednima de un masaje con final feliz en Tarragona suele ser de unos 40 minutos.<\/p>\r\n<!-- \/wp:post-content -->\r\n<p><!-- wp:paragraph -->Aunque a veces pueden ser m\u00e1s extensos llegando incluso a durar dos horas.<\/p>\r\n<!-- \/wp:paragraph -->\r\n<p><!-- wp:paragraph -->Los finales o terminaciones de los masajes debes dejarlos claros antes de contratar.<\/p>\r\n<!-- \/wp:paragraph -->\r\n<p><!-- wp:paragraph -->Si llamas a un centro de masajes er\u00f3ticos intenta hablar con respeto y ten tacto al hacer las preguntas.<\/p>\r\n<!-- \/wp:paragraph -->\r\n<p><!-- wp:paragraph -->No todo el mundo se siente c\u00f3modo hablando de estos temas.<\/p>\r\n<!-- \/wp:paragraph -->\r\n<p><!-- wp:paragraph -->Seguramente podr\u00edan colgarte la llamada si eres soez o grosero con tus llamadas o mensajes de whatsapp.<\/p>\r\n<p>Si quieres informarte bien acerca de otros masajes te recomendamos que visites el siguiente enlace <a href=\"https:\/\/es.wikipedia.org\/wiki\/Masaje\">wikipedia.<\/a><\/p>\r\n<p>En el caso de tener cualquier tipo de duda pod\u00e9is poneros en contacto con nosotros mediante nuestro <a href=\"https:\/\/masajeseroticostarragona.com\/contactar\/\">formulario de contacto<\/a>.<\/p>\r\n<p>Os atenderemos lo m\u00e1s r\u00e1pido que podamos y os asignaremos a un asesor que os ayudar\u00e1 a despejar cualquier tipo de inquietud que teng\u00e1is al respecto.<\/p>\r\n<p>[\/vc_column_text][\/vc_column][vc_column width=\u00bb1\/3&#8243;][vc_empty_space][vc_single_image image=\u00bb302&#8243; img_size=\u00bbfull\u00bb alignment=\u00bbright\u00bb][\/vc_column][\/vc_row]<\/p><\/div>","protected":false},"excerpt":{"rendered":"<p>[vc_row][vc_column][vc_column_text] Masaje Final Feliz en Tarragona, Reus, Salou o cercan\u00edas. Encuentra los mejores locales y particulares en nuestro buscador de Masajes Er\u00f3ticos Tarragona. El final feliz es la mejor forma de acabar un buen masaje, te recomendamos preguntar a tu proveedor el tipo de final feliz que puede ser ya que algunos de ellos suelen [&hellip;]<\/p>\n","protected":false},"author":1,"featured_media":0,"parent":0,"menu_order":0,"comment_status":"closed","ping_status":"closed","template":"tpl-full-width.php","meta":{"_joinchat":[],"footnotes":""},"class_list":["post-368","page","type-page","status-publish","hentry"],"yoast_head":"<!-- This site is optimized with the Yoast SEO plugin v27.4 - https:\/\/yoast.com\/product\/yoast-seo-wordpress\/ -->\n<title>Masaje Final Feliz Tarragona Reus Salou - Masajes Er\u00f3ticos Tarragona<\/title>\n<meta name=\"description\" content=\"Masaje Fijal Feliz Tarragona. Masajes er\u00f3ticos en Tarragona con final feliz. Guia de locales y particulares de toda la provincia.\" \/>\n<meta name=\"robots\" content=\"index, follow, max-snippet:-1, max-image-preview:large, max-video-preview:-1\" \/>\n<link rel=\"canonical\" href=\"https:\/\/masajeseroticostarragona.com\/?page_id=368\" \/>\n<meta property=\"og:locale\" content=\"es_ES\" \/>\n<meta property=\"og:type\" content=\"article\" \/>\n<meta property=\"og:title\" content=\"Masaje Final Feliz Tarragona Reus Salou - Masajes Er\u00f3ticos Tarragona\" \/>\n<meta property=\"og:description\" content=\"Masaje Fijal Feliz Tarragona. Masajes er\u00f3ticos en Tarragona con final feliz. Guia de locales y particulares de toda la provincia.\" \/>\n<meta property=\"og:url\" content=\"https:\/\/masajeseroticostarragona.com\/?page_id=368\" \/>\n<meta property=\"og:site_name\" content=\"Masajes Er\u00f3ticos Tarragona Reus Salou | Masajes Final Feliz\" \/>\n<meta property=\"article:modified_time\" content=\"2021-07-21T16:52:20+00:00\" \/>\n<meta name=\"twitter:card\" content=\"summary_large_image\" \/>\n<meta name=\"twitter:label1\" content=\"Tiempo de lectura\" \/>\n\t<meta name=\"twitter:data1\" content=\"2 minutos\" \/>\n<!-- \/ Yoast SEO plugin. -->","yoast_head_json":{"title":"Masaje Final Feliz Tarragona Reus Salou - Masajes Er\u00f3ticos Tarragona","description":"Masaje Fijal Feliz Tarragona. Masajes er\u00f3ticos en Tarragona con final feliz. Guia de locales y particulares de toda la provincia.","robots":{"index":"index","follow":"follow","max-snippet":"max-snippet:-1","max-image-preview":"max-image-preview:large","max-video-preview":"max-video-preview:-1"},"canonical":"https:\/\/masajeseroticostarragona.com\/?page_id=368","og_locale":"es_ES","og_type":"article","og_title":"Masaje Final Feliz Tarragona Reus Salou - Masajes Er\u00f3ticos Tarragona","og_description":"Masaje Fijal Feliz Tarragona. Masajes er\u00f3ticos en Tarragona con final feliz. Guia de locales y particulares de toda la provincia.","og_url":"https:\/\/masajeseroticostarragona.com\/?page_id=368","og_site_name":"Masajes Er\u00f3ticos Tarragona Reus Salou | Masajes Final Feliz","article_modified_time":"2021-07-21T16:52:20+00:00","twitter_card":"summary_large_image","twitter_misc":{"Tiempo de lectura":"2 minutos"},"schema":{"@context":"https:\/\/schema.org","@graph":[{"@type":"WebPage","@id":"https:\/\/masajeseroticostarragona.com\/?page_id=368","url":"https:\/\/masajeseroticostarragona.com\/?page_id=368","name":"Masaje Final Feliz Tarragona Reus Salou - Masajes Er\u00f3ticos Tarragona","isPartOf":{"@id":"https:\/\/masajeseroticostarragona.com\/#website"},"datePublished":"2020-10-14T17:02:27+00:00","dateModified":"2021-07-21T16:52:20+00:00","description":"Masaje Fijal Feliz Tarragona. Masajes er\u00f3ticos en Tarragona con final feliz. Guia de locales y particulares de toda la provincia.","breadcrumb":{"@id":"https:\/\/masajeseroticostarragona.com\/?page_id=368#breadcrumb"},"inLanguage":"es","potentialAction":[{"@type":"ReadAction","target":["https:\/\/masajeseroticostarragona.com\/?page_id=368"]}]},{"@type":"BreadcrumbList","@id":"https:\/\/masajeseroticostarragona.com\/?page_id=368#breadcrumb","itemListElement":[{"@type":"ListItem","position":1,"name":"Portada","item":"https:\/\/masajeseroticostarragona.com\/"},{"@type":"ListItem","position":2,"name":"Masaje Final Feliz Tarragona Reus Salou"}]},{"@type":"WebSite","@id":"https:\/\/masajeseroticostarragona.com\/#website","url":"https:\/\/masajeseroticostarragona.com\/","name":"Masajes Er\u00f3ticos Tarragona Reus Salou | Masajes Final Feliz","description":"Masajes er\u00f3ticos en Tarragona, Reus y Salou por profesionales con final feliz.","publisher":{"@id":"https:\/\/masajeseroticostarragona.com\/#organization"},"potentialAction":[{"@type":"SearchAction","target":{"@type":"EntryPoint","urlTemplate":"https:\/\/masajeseroticostarragona.com\/?s={search_term_string}"},"query-input":{"@type":"PropertyValueSpecification","valueRequired":true,"valueName":"search_term_string"}}],"inLanguage":"es"},{"@type":"Organization","@id":"https:\/\/masajeseroticostarragona.com\/#organization","name":"masajes er\u00f3ticos tarragona","url":"https:\/\/masajeseroticostarragona.com\/","logo":{"@type":"ImageObject","inLanguage":"es","@id":"https:\/\/masajeseroticostarragona.com\/#\/schema\/logo\/image\/","url":"https:\/\/masajeseroticostarragona.com\/wp-content\/uploads\/2020\/09\/unnamed-1-e1601334250663.png","contentUrl":"https:\/\/masajeseroticostarragona.com\/wp-content\/uploads\/2020\/09\/unnamed-1-e1601334250663.png","width":222,"height":166,"caption":"masajes er\u00f3ticos tarragona"},"image":{"@id":"https:\/\/masajeseroticostarragona.com\/#\/schema\/logo\/image\/"}}]}},"jetpack-related-posts":[],"jetpack_sharing_enabled":true,"_links":{"self":[{"href":"https:\/\/masajeseroticostarragona.com\/index.php?rest_route=\/wp\/v2\/pages\/368","targetHints":{"allow":["GET"]}}],"collection":[{"href":"https:\/\/masajeseroticostarragona.com\/index.php?rest_route=\/wp\/v2\/pages"}],"about":[{"href":"https:\/\/masajeseroticostarragona.com\/index.php?rest_route=\/wp\/v2\/types\/page"}],"author":[{"embeddable":true,"href":"https:\/\/masajeseroticostarragona.com\/index.php?rest_route=\/wp\/v2\/users\/1"}],"replies":[{"embeddable":true,"href":"https:\/\/masajeseroticostarragona.com\/index.php?rest_route=%2Fwp%2Fv2%2Fcomments&post=368"}],"version-history":[{"count":11,"href":"https:\/\/masajeseroticostarragona.com\/index.php?rest_route=\/wp\/v2\/pages\/368\/revisions"}],"predecessor-version":[{"id":1441,"href":"https:\/\/masajeseroticostarragona.com\/index.php?rest_route=\/wp\/v2\/pages\/368\/revisions\/1441"}],"wp:attachment":[{"href":"https:\/\/masajeseroticostarragona.com\/index.php?rest_route=%2Fwp%2Fv2%2Fmedia&parent=368"}],"curies":[{"name":"wp","href":"https:\/\/api.w.org\/{rel}","templated":true}]}}