{"id":386,"date":"2020-10-14T19:12:03","date_gmt":"2020-10-14T18:12:03","guid":{"rendered":"https:\/\/masajeseroticostarragona.com\/?page_id=386"},"modified":"2020-10-23T12:53:32","modified_gmt":"2020-10-23T11:53:32","slug":"putas-tarragona","status":"publish","type":"page","link":"https:\/\/masajeseroticostarragona.com\/?page_id=386","title":{"rendered":"Putas Tarragona &#8211; Putas y scorts en Reus"},"content":{"rendered":"\n<p>Putas Tarragona es una secci\u00f3n que hemos creado para que puedas escoger entre diferentes particulares o locales de putas en Tarragona. <\/p>\n\n\n\n<div class=\"wp-block-buttons is-layout-flex wp-block-buttons-is-layout-flex\">\n<div class=\"wp-block-button\"><a class=\"wp-block-button__link has-pale-pink-color has-text-color\" href=\"https:\/\/masajeseroticostarragona.com\/ad-category\/scorts-tarragona\/\">IR A LOS ANUNCIOS DE SCORTS Y PUTAS<\/a><\/div>\n\n\n\n<div class=\"wp-block-button is-style-fill\"><a class=\"wp-block-button__link has-pale-pink-color has-text-color\">PONER ANUNCIO<\/a><\/div>\n<\/div>\n\n\n\n<p>Nosotros preferimos llamarle scorts, por ello hemos creado el apartado de <a href=\"https:\/\/masajeseroticostarragona.com\/ad-category\/scorts-tarragona\/\">scorts Tarragona<\/a> en el cual podr\u00e1s encontrar diferentes opciones.<\/p>\n\n\n\n<p>Para pasar un buen rato puedes escoger entre diferentes opciones de putas en Tarragona. Dentro de chicas scorts podemos encontrar tambi\u00e9n anuncios de putas en Salou, en Cambrils y tambi\u00e9n putas en Reus.<\/p>\n\n\n\n<p>Aunque nuestra web se dedique principalmente a anuncios clasificados de <a href=\"https:\/\/masajeseroticostarragona.com\/category\/masajes-tantricos-tarragona\/\">masajes t\u00e1ntricos<\/a> y <a href=\"https:\/\/masajeseroticostarragona.com\/\">masajes er\u00f3ticos en Tarragona<\/a> o <a href=\"https:\/\/masajeseroticostarragona.com\/masaje-final-feliz-tarragona\/\">masajes con final feliz en tarragona<\/a> tambi\u00e9n hemos creado un rinc\u00f3n para que clientes y scorts contacten y puedan tener lugar citas consentidas.<\/p>\n\n\n\n<div class=\"wp-block-image\"><figure class=\"alignleft size-large is-resized\"><img loading=\"lazy\" decoding=\"async\" src=\"https:\/\/masajeseroticostarragona.com\/wp-content\/uploads\/2020\/10\/fa62f703d5f946d05d803a76e6a73265.19-e1601751331157.jpg\" alt=\"scorts putas tarragona\" class=\"wp-image-301\" width=\"218\" height=\"123\" srcset=\"https:\/\/masajeseroticostarragona.com\/wp-content\/uploads\/2020\/10\/fa62f703d5f946d05d803a76e6a73265.19-e1601751331157.jpg?v=1605697928 300w, https:\/\/masajeseroticostarragona.com\/wp-content\/uploads\/2020\/10\/fa62f703d5f946d05d803a76e6a73265.19-e1601751331157-200x113.jpg?v=1605697928 200w, https:\/\/masajeseroticostarragona.com\/wp-content\/uploads\/2020\/10\/fa62f703d5f946d05d803a76e6a73265.19-e1601751331157-50x28.jpg?v=1605697928 50w, https:\/\/masajeseroticostarragona.com\/wp-content\/uploads\/2020\/10\/fa62f703d5f946d05d803a76e6a73265.19-e1601751331157-20x11.jpg?v=1605697928 20w\" sizes=\"auto, (max-width: 218px) 100vw, 218px\" \/><\/figure><\/div>\n\n\n\n<p class=\"has-drop-cap\">La secci\u00f3n de <strong>S<\/strong>corts<strong> en Reus y T<\/strong>gn te desea que encuentres pronto lo que est\u00e1s buscando, para poner un anuncio en esta secci\u00f3n selecciona la categor\u00eda de scorts tarragona en la pesta\u00f1a al insertar un anuncio.<\/p>\n\n\n\n<h2 class=\"wp-block-heading\">Recomendaciones putas tarragona<\/h2>\n\n\n\n<p>Te recomendamos que visites la secci\u00f3n de la <a href=\"https:\/\/es.wikipedia.org\/wiki\/Prostituci%C3%B3n\">wikipedia<\/a> para encontrar una definici\u00f3n m\u00e1s concreta.<br>Cuando busques anuncios relacionados y contactes con otras personas intenta ser cordial y educado. Las personas que est\u00e1n al otro lado, est\u00e1n trabajando para ganarse la vida haciendote un poco m\u00e1s feliz. <\/p>\n\n\n\n<p>Trata a los dem\u00e1s como te gustar\u00eda que te traten a t\u00ed.<\/p>\n","protected":false},"excerpt":{"rendered":"<p>Putas Tarragona es una secci\u00f3n que hemos creado para que puedas escoger entre diferentes particulares o locales de putas en Tarragona. Nosotros preferimos llamarle scorts, por ello hemos creado el apartado de scorts Tarragona en el cual podr\u00e1s encontrar diferentes opciones. Para pasar un buen rato puedes escoger entre diferentes opciones de putas en Tarragona. [&hellip;]<\/p>\n","protected":false},"author":1,"featured_media":301,"parent":0,"menu_order":0,"comment_status":"closed","ping_status":"closed","template":"","meta":{"_joinchat":[],"footnotes":""},"class_list":["post-386","page","type-page","status-publish","has-post-thumbnail","hentry"],"yoast_head":"<!-- This site is optimized with the Yoast SEO plugin v27.5 - https:\/\/yoast.com\/product\/yoast-seo-wordpress\/ -->\n<title>Putas Tarragona - Putas y scorts en Reus - Masajes Er\u00f3ticos Tarragona Reus Salou | Masajes Final Feliz<\/title>\n<meta name=\"description\" content=\"Putas Tarragona. Encuentra Scorts y putas privadas o locales que anuncian chicas de compa\u00f1\u00eda en nuestro buscador y listados de anuncios.\" \/>\n<meta name=\"robots\" content=\"index, follow, max-snippet:-1, max-image-preview:large, max-video-preview:-1\" \/>\n<link rel=\"canonical\" href=\"https:\/\/masajeseroticostarragona.com\/?page_id=386\" \/>\n<meta property=\"og:locale\" content=\"es_ES\" \/>\n<meta property=\"og:type\" content=\"article\" \/>\n<meta property=\"og:title\" content=\"Putas Tarragona - Putas y scorts en Reus - Masajes Er\u00f3ticos Tarragona Reus Salou | Masajes Final Feliz\" \/>\n<meta property=\"og:description\" content=\"Putas Tarragona. Encuentra Scorts y putas privadas o locales que anuncian chicas de compa\u00f1\u00eda en nuestro buscador y listados de anuncios.\" \/>\n<meta property=\"og:url\" content=\"https:\/\/masajeseroticostarragona.com\/?page_id=386\" \/>\n<meta property=\"og:site_name\" content=\"Masajes Er\u00f3ticos Tarragona Reus Salou | Masajes Final Feliz\" \/>\n<meta property=\"article:modified_time\" content=\"2020-10-23T11:53:32+00:00\" \/>\n<meta property=\"og:image\" content=\"https:\/\/masajeseroticostarragona.com\/wp-content\/uploads\/2020\/10\/fa62f703d5f946d05d803a76e6a73265.19-e1601751331157.jpg?v=1605697928\" \/>\n\t<meta property=\"og:image:width\" content=\"300\" \/>\n\t<meta property=\"og:image:height\" content=\"169\" \/>\n\t<meta property=\"og:image:type\" content=\"image\/jpeg\" \/>\n<meta name=\"twitter:card\" content=\"summary_large_image\" \/>\n<meta name=\"twitter:label1\" content=\"Tiempo de lectura\" \/>\n\t<meta name=\"twitter:data1\" content=\"1 minuto\" \/>\n<!-- \/ Yoast SEO plugin. -->","yoast_head_json":{"title":"Putas Tarragona - Putas y scorts en Reus - Masajes Er\u00f3ticos Tarragona Reus Salou | Masajes Final Feliz","description":"Putas Tarragona. Encuentra Scorts y putas privadas o locales que anuncian chicas de compa\u00f1\u00eda en nuestro buscador y listados de anuncios.","robots":{"index":"index","follow":"follow","max-snippet":"max-snippet:-1","max-image-preview":"max-image-preview:large","max-video-preview":"max-video-preview:-1"},"canonical":"https:\/\/masajeseroticostarragona.com\/?page_id=386","og_locale":"es_ES","og_type":"article","og_title":"Putas Tarragona - Putas y scorts en Reus - Masajes Er\u00f3ticos Tarragona Reus Salou | Masajes Final Feliz","og_description":"Putas Tarragona. Encuentra Scorts y putas privadas o locales que anuncian chicas de compa\u00f1\u00eda en nuestro buscador y listados de anuncios.","og_url":"https:\/\/masajeseroticostarragona.com\/?page_id=386","og_site_name":"Masajes Er\u00f3ticos Tarragona Reus Salou | Masajes Final Feliz","article_modified_time":"2020-10-23T11:53:32+00:00","og_image":[{"width":300,"height":169,"url":"https:\/\/masajeseroticostarragona.com\/wp-content\/uploads\/2020\/10\/fa62f703d5f946d05d803a76e6a73265.19-e1601751331157.jpg?v=1605697928","type":"image\/jpeg"}],"twitter_card":"summary_large_image","twitter_misc":{"Tiempo de lectura":"1 minuto"},"schema":{"@context":"https:\/\/schema.org","@graph":[{"@type":"WebPage","@id":"https:\/\/masajeseroticostarragona.com\/?page_id=386","url":"https:\/\/masajeseroticostarragona.com\/?page_id=386","name":"Putas Tarragona - Putas y scorts en Reus - Masajes Er\u00f3ticos Tarragona Reus Salou | Masajes Final Feliz","isPartOf":{"@id":"https:\/\/masajeseroticostarragona.com\/#website"},"primaryImageOfPage":{"@id":"https:\/\/masajeseroticostarragona.com\/?page_id=386#primaryimage"},"image":{"@id":"https:\/\/masajeseroticostarragona.com\/?page_id=386#primaryimage"},"thumbnailUrl":"https:\/\/masajeseroticostarragona.com\/wp-content\/uploads\/2020\/10\/fa62f703d5f946d05d803a76e6a73265.19-e1601751331157.jpg?v=1605697928","datePublished":"2020-10-14T18:12:03+00:00","dateModified":"2020-10-23T11:53:32+00:00","description":"Putas Tarragona. Encuentra Scorts y putas privadas o locales que anuncian chicas de compa\u00f1\u00eda en nuestro buscador y listados de anuncios.","breadcrumb":{"@id":"https:\/\/masajeseroticostarragona.com\/?page_id=386#breadcrumb"},"inLanguage":"es","potentialAction":[{"@type":"ReadAction","target":["https:\/\/masajeseroticostarragona.com\/?page_id=386"]}]},{"@type":"ImageObject","inLanguage":"es","@id":"https:\/\/masajeseroticostarragona.com\/?page_id=386#primaryimage","url":"https:\/\/masajeseroticostarragona.com\/wp-content\/uploads\/2020\/10\/fa62f703d5f946d05d803a76e6a73265.19-e1601751331157.jpg?v=1605697928","contentUrl":"https:\/\/masajeseroticostarragona.com\/wp-content\/uploads\/2020\/10\/fa62f703d5f946d05d803a76e6a73265.19-e1601751331157.jpg?v=1605697928","width":300,"height":169,"caption":"scorts escorts putas tarragona"},{"@type":"BreadcrumbList","@id":"https:\/\/masajeseroticostarragona.com\/?page_id=386#breadcrumb","itemListElement":[{"@type":"ListItem","position":1,"name":"Portada","item":"https:\/\/masajeseroticostarragona.com\/"},{"@type":"ListItem","position":2,"name":"Putas Tarragona &#8211; Putas y scorts en Reus"}]},{"@type":"WebSite","@id":"https:\/\/masajeseroticostarragona.com\/#website","url":"https:\/\/masajeseroticostarragona.com\/","name":"Masajes Er\u00f3ticos Tarragona Reus Salou | Masajes Final Feliz","description":"Masajes er\u00f3ticos en Tarragona, Reus y Salou por profesionales con final feliz.","publisher":{"@id":"https:\/\/masajeseroticostarragona.com\/#organization"},"potentialAction":[{"@type":"SearchAction","target":{"@type":"EntryPoint","urlTemplate":"https:\/\/masajeseroticostarragona.com\/?s={search_term_string}"},"query-input":{"@type":"PropertyValueSpecification","valueRequired":true,"valueName":"search_term_string"}}],"inLanguage":"es"},{"@type":"Organization","@id":"https:\/\/masajeseroticostarragona.com\/#organization","name":"masajes er\u00f3ticos tarragona","url":"https:\/\/masajeseroticostarragona.com\/","logo":{"@type":"ImageObject","inLanguage":"es","@id":"https:\/\/masajeseroticostarragona.com\/#\/schema\/logo\/image\/","url":"https:\/\/masajeseroticostarragona.com\/wp-content\/uploads\/2020\/09\/unnamed-1-e1601334250663.png","contentUrl":"https:\/\/masajeseroticostarragona.com\/wp-content\/uploads\/2020\/09\/unnamed-1-e1601334250663.png","width":222,"height":166,"caption":"masajes er\u00f3ticos tarragona"},"image":{"@id":"https:\/\/masajeseroticostarragona.com\/#\/schema\/logo\/image\/"}}]}},"jetpack-related-posts":[],"jetpack_sharing_enabled":true,"_links":{"self":[{"href":"https:\/\/masajeseroticostarragona.com\/index.php?rest_route=\/wp\/v2\/pages\/386","targetHints":{"allow":["GET"]}}],"collection":[{"href":"https:\/\/masajeseroticostarragona.com\/index.php?rest_route=\/wp\/v2\/pages"}],"about":[{"href":"https:\/\/masajeseroticostarragona.com\/index.php?rest_route=\/wp\/v2\/types\/page"}],"author":[{"embeddable":true,"href":"https:\/\/masajeseroticostarragona.com\/index.php?rest_route=\/wp\/v2\/users\/1"}],"replies":[{"embeddable":true,"href":"https:\/\/masajeseroticostarragona.com\/index.php?rest_route=%2Fwp%2Fv2%2Fcomments&post=386"}],"version-history":[{"count":0,"href":"https:\/\/masajeseroticostarragona.com\/index.php?rest_route=\/wp\/v2\/pages\/386\/revisions"}],"wp:featuredmedia":[{"embeddable":true,"href":"https:\/\/masajeseroticostarragona.com\/index.php?rest_route=\/wp\/v2\/media\/301"}],"wp:attachment":[{"href":"https:\/\/masajeseroticostarragona.com\/index.php?rest_route=%2Fwp%2Fv2%2Fmedia&parent=386"}],"curies":[{"name":"wp","href":"https:\/\/api.w.org\/{rel}","templated":true}]}}