{"id":472,"date":"2020-10-21T22:05:40","date_gmt":"2020-10-21T21:05:40","guid":{"rendered":"https:\/\/masajeseroticostarragona.com\/?page_id=472"},"modified":"2020-10-21T22:05:41","modified_gmt":"2020-10-21T21:05:41","slug":"politica-cookies","status":"publish","type":"page","link":"https:\/\/masajeseroticostarragona.com\/?page_id=472","title":{"rendered":"Pol\u00edtica Cookies"},"content":{"rendered":"\n<p><strong>\u00bfQu\u00e9 son las Cookies?<\/strong><\/p>\n\n\n\n<p>Una \u201cCookie\u201d es un peque\u00f1o archivo que se almacena en el ordenador del usuario y nos permite reconocerle. El conjunto de \u201ccookies\u201d nos ayuda a mejorar la calidad de nuestra web, permiti\u00e9ndonos controlar qu\u00e9 p\u00e1ginas encuentran nuestros usuarios \u00fatiles y cu\u00e1les no.<\/p>\n\n\n\n<p>Las cookies son esenciales para el funcionamiento de internet, aportando innumerables ventajas en la prestaci\u00f3n de servicios interactivos, facilit\u00e1ndole la navegaci\u00f3n y usabilidad de nuestra web. Tenga en cuenta que las cookies no pueden da\u00f1ar su equipo y que, a cambio, el que est\u00e9n activadas nos ayudan a identificar y resolver los errores.<\/p>\n\n\n\n<p><strong>\u00bfPor qu\u00e9 utilizamos Cookies?<\/strong><\/p>\n\n\n\n<p>La informaci\u00f3n que le proporcionamos a continuaci\u00f3n, le ayudar\u00e1 a comprender los diferentes tipos de cookies:<\/p>\n\n\n\n<ul class=\"wp-block-list\"><li>&nbsp;&nbsp;&nbsp;&nbsp;&nbsp;&nbsp;&nbsp;Cookies de sesi\u00f3n: son cookies temporales que permanecen en el archivo de cookies de su navegador hasta que abandone la p\u00e1gina web, por lo que ninguna queda registrada en el disco duro del usuario. La informaci\u00f3n obtenida por medio de estas cookies, sirven para analizar pautas de tr\u00e1fico en la web. A la larga, esto nos permite proporcionar una mejor experiencia para mejorar el contenido y facilitando su uso.<\/li><\/ul>\n\n\n\n<ul class=\"wp-block-list\"><li>&nbsp;&nbsp;&nbsp;&nbsp;&nbsp;&nbsp;&nbsp;Cookies permanentes: son almacenadas en el disco duro y nuestra web las lee cada vez que usted realiza una nueva visita. Una web permanente posee una fecha de expiraci\u00f3n determinada. La cookie dejar\u00e1 de funcionar despu\u00e9s de esa fecha. Las utilizamos, generalmente, para facilitar los servicios de compra y registro.<\/li><\/ul>\n\n\n\n<p>A continuaci\u00f3n publicamos una relaci\u00f3n de las principales cookies utilizadas en nuestras webs, distinguiendo:<\/p>\n\n\n\n<p>Las cookies estrictamente necesarias como por ejemplo, aquellas que sirvan para una &nbsp;correcta navegaci\u00f3n o las que permitan realizar el pago de bienes o servicios solicitados por el usuario o cookies que sirvan para asegurar que el contenido de la p\u00e1gina web se carga eficazmente.<\/p>\n\n\n\n<p>Las cookies de terceros como por ejemplo, las usadas por redes sociales, o por complementos externos de contenido como google maps.<\/p>\n\n\n\n<p>Las cookies anal\u00edticas con prop\u00f3sitos de mantenimiento peri\u00f3dico, y en aras de garantizar el mejor servicio posible al usuario, los sitios webs hacen uso normalmente de cookies \u201canal\u00edticas\u201d para recopilar datos estad\u00edsticos de la actividad.<\/p>\n\n\n\n<p>Esta web tambi\u00e9n tiene enlaces de redes sociales (como Facebook o Twitter). No podemos controlar las cookies utilizadas por estas webs externas. Para m\u00e1s informaci\u00f3n sobre las cookies de las redes sociales u otras webs ajenas, le aconsejamos revisar sus propias pol\u00edticas de cookies.<\/p>\n\n\n\n<p>Como garant\u00eda complementaria, el registro de las cookies podr\u00e1 estar sujeto a su aceptaci\u00f3n durante la instalaci\u00f3n o puesta al d\u00eda del navegador usado, y esta aceptaci\u00f3n puede en todo momento ser revocada mediante las opciones de configuraci\u00f3n de contenidos y privacidad disponibles.<\/p>\n\n\n\n<p>Muchos navegadores permiten activar un modo privado mediante el cual las cookies se borran siempre despu\u00e9s de su visita. Dependiendo de cada navegador este modo privado, puede tener diferentes nombres. A continuaci\u00f3n encontrar\u00e1 una lista de los navegadores m\u00e1s comunes y los diferentes nombres de este \u201cmodo privado\u201d:<\/p>\n\n\n\n<p>Internet Explorer 8 y superior; InPrivate<\/p>\n\n\n\n<p>Safari 2 y superior; Navegaci\u00f3n Privada<\/p>\n\n\n\n<p>Opera 10.5 y superior; Navegaci\u00f3n Privada<\/p>\n\n\n\n<p>FireFox 3.5 y superior; Navegaci\u00f3n Privada<\/p>\n\n\n\n<p>Google Chrome 10 y superior; Inc\u00f3gnito<\/p>\n\n\n\n<p><strong>Importante<\/strong>: Por favor, lea atentamente la secci\u00f3n de ayuda de su navegador para conocer m\u00e1s acerca de c\u00f3mo activar el \u201cmodo privado\u201d. Podr\u00e1 seguir visitando nuestras webs aunque su navegador est\u00e9 en \u201cmodo privado\u201d, si bien, su navegaci\u00f3n por nuestra web puede no ser \u00f3ptima y algunas utilidades pueden no funcionar correctamente.<\/p>\n","protected":false},"excerpt":{"rendered":"<p>\u00bfQu\u00e9 son las Cookies? Una \u201cCookie\u201d es un peque\u00f1o archivo que se almacena en el ordenador del usuario y nos permite reconocerle. El conjunto de \u201ccookies\u201d nos ayuda a mejorar la calidad de nuestra web, permiti\u00e9ndonos controlar qu\u00e9 p\u00e1ginas encuentran nuestros usuarios \u00fatiles y cu\u00e1les no. Las cookies son esenciales para el funcionamiento de internet, [&hellip;]<\/p>\n","protected":false},"author":1,"featured_media":0,"parent":0,"menu_order":0,"comment_status":"closed","ping_status":"closed","template":"","meta":{"_joinchat":[],"footnotes":""},"class_list":["post-472","page","type-page","status-publish","hentry"],"yoast_head":"<!-- This site is optimized with the Yoast SEO plugin v27.5 - https:\/\/yoast.com\/product\/yoast-seo-wordpress\/ -->\n<title>Pol\u00edtica Cookies - Masajes Er\u00f3ticos Tarragona Reus Salou | Masajes Final Feliz<\/title>\n<meta name=\"robots\" content=\"noindex, nofollow\" \/>\n<meta property=\"og:locale\" content=\"es_ES\" \/>\n<meta property=\"og:type\" content=\"article\" \/>\n<meta property=\"og:title\" content=\"Pol\u00edtica Cookies - Masajes Er\u00f3ticos Tarragona Reus Salou | Masajes Final Feliz\" \/>\n<meta property=\"og:description\" content=\"\u00bfQu\u00e9 son las Cookies? Una \u201cCookie\u201d es un peque\u00f1o archivo que se almacena en el ordenador del usuario y nos permite reconocerle. El conjunto de \u201ccookies\u201d nos ayuda a mejorar la calidad de nuestra web, permiti\u00e9ndonos controlar qu\u00e9 p\u00e1ginas encuentran nuestros usuarios \u00fatiles y cu\u00e1les no. Las cookies son esenciales para el funcionamiento de internet, [&hellip;]\" \/>\n<meta property=\"og:url\" content=\"https:\/\/masajeseroticostarragona.com\/?page_id=472\" \/>\n<meta property=\"og:site_name\" content=\"Masajes Er\u00f3ticos Tarragona Reus Salou | Masajes Final Feliz\" \/>\n<meta property=\"article:modified_time\" content=\"2020-10-21T21:05:41+00:00\" \/>\n<meta name=\"twitter:card\" content=\"summary_large_image\" \/>\n<meta name=\"twitter:label1\" content=\"Tiempo de lectura\" \/>\n\t<meta name=\"twitter:data1\" content=\"3 minutos\" \/>\n<!-- \/ Yoast SEO plugin. -->","yoast_head_json":{"title":"Pol\u00edtica Cookies - Masajes Er\u00f3ticos Tarragona Reus Salou | Masajes Final Feliz","robots":{"index":"noindex","follow":"nofollow"},"og_locale":"es_ES","og_type":"article","og_title":"Pol\u00edtica Cookies - Masajes Er\u00f3ticos Tarragona Reus Salou | Masajes Final Feliz","og_description":"\u00bfQu\u00e9 son las Cookies? Una \u201cCookie\u201d es un peque\u00f1o archivo que se almacena en el ordenador del usuario y nos permite reconocerle. El conjunto de \u201ccookies\u201d nos ayuda a mejorar la calidad de nuestra web, permiti\u00e9ndonos controlar qu\u00e9 p\u00e1ginas encuentran nuestros usuarios \u00fatiles y cu\u00e1les no. Las cookies son esenciales para el funcionamiento de internet, [&hellip;]","og_url":"https:\/\/masajeseroticostarragona.com\/?page_id=472","og_site_name":"Masajes Er\u00f3ticos Tarragona Reus Salou | Masajes Final Feliz","article_modified_time":"2020-10-21T21:05:41+00:00","twitter_card":"summary_large_image","twitter_misc":{"Tiempo de lectura":"3 minutos"},"schema":{"@context":"https:\/\/schema.org","@graph":[{"@type":"WebPage","@id":"https:\/\/masajeseroticostarragona.com\/?page_id=472","url":"https:\/\/masajeseroticostarragona.com\/?page_id=472","name":"Pol\u00edtica Cookies - Masajes Er\u00f3ticos Tarragona Reus Salou | Masajes Final Feliz","isPartOf":{"@id":"https:\/\/masajeseroticostarragona.com\/#website"},"datePublished":"2020-10-21T21:05:40+00:00","dateModified":"2020-10-21T21:05:41+00:00","breadcrumb":{"@id":"https:\/\/masajeseroticostarragona.com\/?page_id=472#breadcrumb"},"inLanguage":"es","potentialAction":[{"@type":"ReadAction","target":["https:\/\/masajeseroticostarragona.com\/?page_id=472"]}]},{"@type":"BreadcrumbList","@id":"https:\/\/masajeseroticostarragona.com\/?page_id=472#breadcrumb","itemListElement":[{"@type":"ListItem","position":1,"name":"Portada","item":"https:\/\/masajeseroticostarragona.com\/"},{"@type":"ListItem","position":2,"name":"Pol\u00edtica Cookies"}]},{"@type":"WebSite","@id":"https:\/\/masajeseroticostarragona.com\/#website","url":"https:\/\/masajeseroticostarragona.com\/","name":"Masajes Er\u00f3ticos Tarragona Reus Salou | Masajes Final Feliz","description":"Masajes er\u00f3ticos en Tarragona, Reus y Salou por profesionales con final feliz.","publisher":{"@id":"https:\/\/masajeseroticostarragona.com\/#organization"},"potentialAction":[{"@type":"SearchAction","target":{"@type":"EntryPoint","urlTemplate":"https:\/\/masajeseroticostarragona.com\/?s={search_term_string}"},"query-input":{"@type":"PropertyValueSpecification","valueRequired":true,"valueName":"search_term_string"}}],"inLanguage":"es"},{"@type":"Organization","@id":"https:\/\/masajeseroticostarragona.com\/#organization","name":"masajes er\u00f3ticos tarragona","url":"https:\/\/masajeseroticostarragona.com\/","logo":{"@type":"ImageObject","inLanguage":"es","@id":"https:\/\/masajeseroticostarragona.com\/#\/schema\/logo\/image\/","url":"https:\/\/masajeseroticostarragona.com\/wp-content\/uploads\/2020\/09\/unnamed-1-e1601334250663.png","contentUrl":"https:\/\/masajeseroticostarragona.com\/wp-content\/uploads\/2020\/09\/unnamed-1-e1601334250663.png","width":222,"height":166,"caption":"masajes er\u00f3ticos tarragona"},"image":{"@id":"https:\/\/masajeseroticostarragona.com\/#\/schema\/logo\/image\/"}}]}},"jetpack-related-posts":[],"jetpack_sharing_enabled":true,"_links":{"self":[{"href":"https:\/\/masajeseroticostarragona.com\/index.php?rest_route=\/wp\/v2\/pages\/472","targetHints":{"allow":["GET"]}}],"collection":[{"href":"https:\/\/masajeseroticostarragona.com\/index.php?rest_route=\/wp\/v2\/pages"}],"about":[{"href":"https:\/\/masajeseroticostarragona.com\/index.php?rest_route=\/wp\/v2\/types\/page"}],"author":[{"embeddable":true,"href":"https:\/\/masajeseroticostarragona.com\/index.php?rest_route=\/wp\/v2\/users\/1"}],"replies":[{"embeddable":true,"href":"https:\/\/masajeseroticostarragona.com\/index.php?rest_route=%2Fwp%2Fv2%2Fcomments&post=472"}],"version-history":[{"count":0,"href":"https:\/\/masajeseroticostarragona.com\/index.php?rest_route=\/wp\/v2\/pages\/472\/revisions"}],"wp:attachment":[{"href":"https:\/\/masajeseroticostarragona.com\/index.php?rest_route=%2Fwp%2Fv2%2Fmedia&parent=472"}],"curies":[{"name":"wp","href":"https:\/\/api.w.org\/{rel}","templated":true}]}}