{"id":474,"date":"2020-10-21T22:11:32","date_gmt":"2020-10-21T21:11:32","guid":{"rendered":"https:\/\/masajeseroticostarragona.com\/?page_id=474"},"modified":"2020-10-21T22:14:10","modified_gmt":"2020-10-21T21:14:10","slug":"politica-de-privacidad","status":"publish","type":"page","link":"https:\/\/masajeseroticostarragona.com\/?page_id=474","title":{"rendered":"Pol\u00edtica de privacidad"},"content":{"rendered":"\n<h3 class=\"wp-block-heading\"><strong>Datos personales<\/strong><\/h3>\n\n\n\n<p>Masajes er\u00f3ticos Tarragona garantiza a todos los usuarios la m\u00e1xima confidencialidad y privacidad de los datos personales que suministren para registrarse en esta web de acuerdo con las exigencias legales.<\/p>\n\n\n\n<h3 class=\"wp-block-heading\"><strong>Para qu\u00e9 usamos tus datos<\/strong><\/h3>\n\n\n\n<p>A continuaci\u00f3n, te relacionamos el uso que le podemos dar a tus datos record\u00e1ndote que en cualquier momento y ante cualquier duda que tengas puedes escribirnos al email que m\u00e1s abajo te detallamos para obtener m\u00e1s explicaciones o para dar de baja la informaci\u00f3n tuya que tenemos.<\/p>\n\n\n\n<p>Podemos usar tus datos para tramitar un pedido o un servicio que nos hayas contratado y para darte servicio post-venta o de atenci\u00f3n al cliente como puedan ser confirmaciones del pedido o recordatorio de fechas y eventos.<\/p>\n\n\n\n<p>Podemos usar tus datos para analizar el mercado y obtener informaci\u00f3n que nos ayude a mejorar nuestros servicios y productos.<\/p>\n\n\n\n<p>Siempre y cuando nos hayas dado tu consentimiento expreso podemos enviarte correos electr\u00f3nicos o avisos a trav\u00e9s de aplicaciones m\u00f3viles en relaci\u00f3n a nuestras acciones de marketing o comerciales como pueden ser nuestros productos y servicios, nuestros eventos futuros o promociones especiales.<\/p>\n\n\n\n<p>Del mismo modo, y tambi\u00e9n con tu consentimiento expreso, podremos usar aplicaciones m\u00f3viles con servicios basados en la localizaci\u00f3n para enviarte promociones, anunciarte nuestros productos y servicios o eventos futuros.<\/p>\n\n\n\n<p>Tambi\u00e9n podemos realizar comunicaciones de marketing durante tu navegaci\u00f3n basada en el<a href=\"https:\/\/masajeseroticostarragona.com\/politica-cookies\/\">\u00a0uso de Cookies<\/a>.<\/p>\n\n\n\n<p>Tambi\u00e9n usaremos tus datos para detectar y prevenir usos il\u00edcitos de nuestros servicios o productos as\u00ed como usos fraudulentos de la imagen o \u00a0propiedad intelectual tanto de MASAJES ER\u00d3TICOS TARRAGONA como de nuestros socios o artistas.<\/p>\n\n\n\n<p>Masajes er\u00f3ticos Tarragona asegura la confidencialidad de los datos aportados por nuestros usuarios y garantiza que en ning\u00fan caso ser\u00e1n cedidos ni vendidos a terceras empresas ajenas a nuestra empresa ni utilizados para otro fin que el descrito anteriormente y en ning\u00fan caso estos datos ser\u00e1n vendidos a terceros.<\/p>\n\n\n\n<h3 class=\"wp-block-heading\"><strong>Derechos de usuario<\/strong><\/h3>\n\n\n\n<p>De acuerdo con lo establecido con la ley org\u00e1nica 15\/1999, de 13 de diciembre, de protecci\u00f3n de datos de car\u00e1cter personal, el usuario de www.masajeseroticostarragona.com podr\u00e1, en todo momento, ejercer los derechos de acceso, rectificaci\u00f3n, cancelaci\u00f3n y en su caso revocaci\u00f3n del consentimiento para la cesi\u00f3n de sus datos en los t\u00e9rminos previstos en la referida ley y dem\u00e1s normas que se desarrollen.<\/p>\n\n\n\n<p>Para dejar de recibir nuestras comunicaciones de marketing podr\u00e1s indicarlo poni\u00e9ndote en contacto con nosotros a la direcci\u00f3n de correo electr\u00f3nico que m\u00e1s abajo te indicamos. Para dejar de recibir nuestra notificaciones en las aplicaciones m\u00f3viles podr\u00e1s cambiar los ajustes de tu dispositivo, desactivar tu localizaci\u00f3n o darte de baja en la aplicaci\u00f3n.<\/p>\n\n\n\n<p><strong>Contacta Con Nosotros<\/strong><\/p>\n\n\n\n<p>Si tienes cualquier duda o cuesti\u00f3n sobre lo anterior o quieres ejercer tus derechos sobre tus datos puedes contactar con MASAJES ER\u00d3TICOS TARRAGONA EN info@masajeseroticostarragona.com<\/p>\n","protected":false},"excerpt":{"rendered":"<p>Datos personales Masajes er\u00f3ticos Tarragona garantiza a todos los usuarios la m\u00e1xima confidencialidad y privacidad de los datos personales que suministren para registrarse en esta web de acuerdo con las exigencias legales. Para qu\u00e9 usamos tus datos A continuaci\u00f3n, te relacionamos el uso que le podemos dar a tus datos record\u00e1ndote que en cualquier momento [&hellip;]<\/p>\n","protected":false},"author":1,"featured_media":0,"parent":0,"menu_order":0,"comment_status":"closed","ping_status":"closed","template":"","meta":{"_joinchat":[],"footnotes":""},"class_list":["post-474","page","type-page","status-publish","hentry"],"yoast_head":"<!-- This site is optimized with the Yoast SEO plugin v27.5 - https:\/\/yoast.com\/product\/yoast-seo-wordpress\/ -->\n<title>Pol\u00edtica de privacidad - Masajes Er\u00f3ticos Tarragona Reus Salou | Masajes Final Feliz<\/title>\n<meta name=\"robots\" content=\"noindex, nofollow\" \/>\n<meta property=\"og:locale\" content=\"es_ES\" \/>\n<meta property=\"og:type\" content=\"article\" \/>\n<meta property=\"og:title\" content=\"Pol\u00edtica de privacidad - Masajes Er\u00f3ticos Tarragona Reus Salou | Masajes Final Feliz\" \/>\n<meta property=\"og:description\" content=\"Datos personales Masajes er\u00f3ticos Tarragona garantiza a todos los usuarios la m\u00e1xima confidencialidad y privacidad de los datos personales que suministren para registrarse en esta web de acuerdo con las exigencias legales. Para qu\u00e9 usamos tus datos A continuaci\u00f3n, te relacionamos el uso que le podemos dar a tus datos record\u00e1ndote que en cualquier momento [&hellip;]\" \/>\n<meta property=\"og:url\" content=\"https:\/\/masajeseroticostarragona.com\/?page_id=474\" \/>\n<meta property=\"og:site_name\" content=\"Masajes Er\u00f3ticos Tarragona Reus Salou | Masajes Final Feliz\" \/>\n<meta property=\"article:modified_time\" content=\"2020-10-21T21:14:10+00:00\" \/>\n<meta name=\"twitter:card\" content=\"summary_large_image\" \/>\n<meta name=\"twitter:label1\" content=\"Tiempo de lectura\" \/>\n\t<meta name=\"twitter:data1\" content=\"3 minutos\" \/>\n<!-- \/ Yoast SEO plugin. -->","yoast_head_json":{"title":"Pol\u00edtica de privacidad - Masajes Er\u00f3ticos Tarragona Reus Salou | Masajes Final Feliz","robots":{"index":"noindex","follow":"nofollow"},"og_locale":"es_ES","og_type":"article","og_title":"Pol\u00edtica de privacidad - Masajes Er\u00f3ticos Tarragona Reus Salou | Masajes Final Feliz","og_description":"Datos personales Masajes er\u00f3ticos Tarragona garantiza a todos los usuarios la m\u00e1xima confidencialidad y privacidad de los datos personales que suministren para registrarse en esta web de acuerdo con las exigencias legales. Para qu\u00e9 usamos tus datos A continuaci\u00f3n, te relacionamos el uso que le podemos dar a tus datos record\u00e1ndote que en cualquier momento [&hellip;]","og_url":"https:\/\/masajeseroticostarragona.com\/?page_id=474","og_site_name":"Masajes Er\u00f3ticos Tarragona Reus Salou | Masajes Final Feliz","article_modified_time":"2020-10-21T21:14:10+00:00","twitter_card":"summary_large_image","twitter_misc":{"Tiempo de lectura":"3 minutos"},"schema":{"@context":"https:\/\/schema.org","@graph":[{"@type":"WebPage","@id":"https:\/\/masajeseroticostarragona.com\/?page_id=474","url":"https:\/\/masajeseroticostarragona.com\/?page_id=474","name":"Pol\u00edtica de privacidad - Masajes Er\u00f3ticos Tarragona Reus Salou | Masajes Final Feliz","isPartOf":{"@id":"https:\/\/masajeseroticostarragona.com\/#website"},"datePublished":"2020-10-21T21:11:32+00:00","dateModified":"2020-10-21T21:14:10+00:00","breadcrumb":{"@id":"https:\/\/masajeseroticostarragona.com\/?page_id=474#breadcrumb"},"inLanguage":"es","potentialAction":[{"@type":"ReadAction","target":["https:\/\/masajeseroticostarragona.com\/?page_id=474"]}]},{"@type":"BreadcrumbList","@id":"https:\/\/masajeseroticostarragona.com\/?page_id=474#breadcrumb","itemListElement":[{"@type":"ListItem","position":1,"name":"Portada","item":"https:\/\/masajeseroticostarragona.com\/"},{"@type":"ListItem","position":2,"name":"Pol\u00edtica de privacidad"}]},{"@type":"WebSite","@id":"https:\/\/masajeseroticostarragona.com\/#website","url":"https:\/\/masajeseroticostarragona.com\/","name":"Masajes Er\u00f3ticos Tarragona Reus Salou | Masajes Final Feliz","description":"Masajes er\u00f3ticos en Tarragona, Reus y Salou por profesionales con final feliz.","publisher":{"@id":"https:\/\/masajeseroticostarragona.com\/#organization"},"potentialAction":[{"@type":"SearchAction","target":{"@type":"EntryPoint","urlTemplate":"https:\/\/masajeseroticostarragona.com\/?s={search_term_string}"},"query-input":{"@type":"PropertyValueSpecification","valueRequired":true,"valueName":"search_term_string"}}],"inLanguage":"es"},{"@type":"Organization","@id":"https:\/\/masajeseroticostarragona.com\/#organization","name":"masajes er\u00f3ticos tarragona","url":"https:\/\/masajeseroticostarragona.com\/","logo":{"@type":"ImageObject","inLanguage":"es","@id":"https:\/\/masajeseroticostarragona.com\/#\/schema\/logo\/image\/","url":"https:\/\/masajeseroticostarragona.com\/wp-content\/uploads\/2020\/09\/unnamed-1-e1601334250663.png","contentUrl":"https:\/\/masajeseroticostarragona.com\/wp-content\/uploads\/2020\/09\/unnamed-1-e1601334250663.png","width":222,"height":166,"caption":"masajes er\u00f3ticos tarragona"},"image":{"@id":"https:\/\/masajeseroticostarragona.com\/#\/schema\/logo\/image\/"}}]}},"jetpack-related-posts":[],"jetpack_sharing_enabled":true,"_links":{"self":[{"href":"https:\/\/masajeseroticostarragona.com\/index.php?rest_route=\/wp\/v2\/pages\/474","targetHints":{"allow":["GET"]}}],"collection":[{"href":"https:\/\/masajeseroticostarragona.com\/index.php?rest_route=\/wp\/v2\/pages"}],"about":[{"href":"https:\/\/masajeseroticostarragona.com\/index.php?rest_route=\/wp\/v2\/types\/page"}],"author":[{"embeddable":true,"href":"https:\/\/masajeseroticostarragona.com\/index.php?rest_route=\/wp\/v2\/users\/1"}],"replies":[{"embeddable":true,"href":"https:\/\/masajeseroticostarragona.com\/index.php?rest_route=%2Fwp%2Fv2%2Fcomments&post=474"}],"version-history":[{"count":0,"href":"https:\/\/masajeseroticostarragona.com\/index.php?rest_route=\/wp\/v2\/pages\/474\/revisions"}],"wp:attachment":[{"href":"https:\/\/masajeseroticostarragona.com\/index.php?rest_route=%2Fwp%2Fv2%2Fmedia&parent=474"}],"curies":[{"name":"wp","href":"https:\/\/api.w.org\/{rel}","templated":true}]}}