{"id":476,"date":"2020-10-21T22:22:46","date_gmt":"2020-10-21T21:22:46","guid":{"rendered":"https:\/\/masajeseroticostarragona.com\/?page_id=476"},"modified":"2020-10-21T22:23:37","modified_gmt":"2020-10-21T21:23:37","slug":"nota-legal","status":"publish","type":"page","link":"https:\/\/masajeseroticostarragona.com\/?page_id=476","title":{"rendered":"Nota legal"},"content":{"rendered":"\n<p>En cumplimiento con el art. 10 de la Ley 34\/2002, de 11 de julio, de servicios de la sociedad de la informaci\u00f3n y del comercio electr\u00f3nico, informamos la sociedad Masajes er\u00f3ticos Tarragona, C\/ Vendrell 14, Salou, Tarragona<\/p>\n\n\n\n<h3 class=\"wp-block-heading\"><strong>T\u00c9RMINOS Y CONDICIONES<\/strong><\/h3>\n\n\n\n<p><strong>1) Condiciones Generales de utilizaci\u00f3n de la p\u00e1gina web y aceptaci\u00f3n de las mismas.<\/strong><\/p>\n\n\n\n<p>Mediante la aceptaci\u00f3n del presente contrato, usted declara:<\/p>\n\n\n\n<p>a) que es una persona mayor de edad y con capacidad para contratar.<\/p>\n\n\n\n<p>b) que ha le\u00eddo y acepta las presentes condiciones generales.<\/p>\n\n\n\n<p>Estas condiciones generales (en adelante, \u201clas Condiciones Generales\u201d), regulan la relaci\u00f3n jur\u00eddica que emana del acceso por parte de los Usuarios de la p\u00e1gina Web de Masajes er\u00f3ticos Tarragona, situada en las URL \u201chttps:\/\/masajeseroticostarragona.com\u201d. El usuario acepta las Condiciones Generales con Masajes er\u00f3ticos Tarragona desde el instante que accede a la p\u00e1gina web arriba mencionada. Este documento puede ser imprimido y almacenado por los Usuarios.<\/p>\n\n\n\n<p><strong>2) Modificaci\u00f3n de las Condiciones Generales<\/strong><\/p>\n\n\n\n<p>Masajes er\u00f3ticos Tarragona podr\u00e1 modificar las Condiciones Generales notific\u00e1ndolo a los Usuarios con antelaci\u00f3n suficiente, con el fin de mejorar los servicios ofrecidos. Mediante la modificaci\u00f3n de las Condiciones Generales expuestas en la p\u00e1gina Web de Masajes er\u00f3ticos Tarragona ( EN ADELANTE MET) se entender\u00e1 por cumplido tal deber notificaci\u00f3n.<\/p>\n\n\n\n<p><strong>3) Condiciones de acceso y utilizaci\u00f3n del portal.<\/strong><\/p>\n\n\n\n<p>3.1. Requisitos t\u00e9cnicos de acceso: Para acceder al Portal, el USUARIO debe contar con un acceso a la Red Internet, abonar las tarifas de acceso y conexi\u00f3n correspondientes y tener el equipo y los sistemas inform\u00e1ticos necesarios para realizar la conexi\u00f3n a la Red, incluyendo un terminal que sea adecuado con este fin (ordenador, tel\u00e9fono, etc.) y un m\u00f3dem u otro dispositivo de acceso an\u00e1logo o similar. Para el correcto acceso y uso de determinados contenidos y servicios del Portal, implica la descarga en sus equipos inform\u00e1ticos de determinados programas de ordenador u otros elementos l\u00f3gicos. Esta instalaci\u00f3n correr\u00e1 con cargo al USUARIO, declinando MET. cualquier tipo de responsabilidad que de esto se pudiera derivar.<\/p>\n\n\n\n<p>3.2 MET. se reserva el derecho de actualizar, modificar o eliminar informaci\u00f3n contenida en su web, as\u00ed como su configuraci\u00f3n, prestaciones o condiciones generales, en cualquier momento y sin necesidad de previo aviso.<\/p>\n\n\n\n<p>3.3 La compa\u00f1\u00eda no garantiza la inexistencia de interrupciones o errores en el acceso al lugar web, ni asumir\u00e1 responsabilidad alguna por problemas t\u00e9cnicos o fallos que se produzcan durante la conexi\u00f3n a Internet.<\/p>\n\n\n\n<p>3.4 Tampoco garantiza la ausencia de virus ni de otros elementos que puedan producir alteraciones en su sistema inform\u00e1tico (software y hardware) o en los documentos electr\u00f3nicos y ficheros almacenados en su sistema inform\u00e1tico, por el que excluye cualquier responsabilidad por los da\u00f1os y perjuicios que puedan producirse en el sistema inform\u00e1tico, documentos electr\u00f3nicos o ficheros de los usuarios.<\/p>\n\n\n\n<p>3.5 MET. NO utiliza ning\u00fan sistema de spyware que puedan comprometer la privacidad del USUARIO.<\/p>\n\n\n\n<p>3.6 Obligaci\u00f3n de hacer un uso correcto del Portal, Servicios y Contenidos:<\/p>\n\n\n\n<p>a) El USUARIO se compromete a utilizar el Portal, los Servicios, los Contenidos y estas Condiciones Generales en conformidad con la ley, la moral, las buenas costumbres y el orden p\u00fablico. Se obliga a usar el Portal, los Servicios y los Contenidos de forma diligente, correcta y l\u00edcita y, en particular, se compromete a abstenerse de:<\/p>\n\n\n\n<p>1\/ Reproducir o copiar, distribuir, permitir el acceso del p\u00fablico a trav\u00e9s de cualquier modalidad de comunicaci\u00f3n p\u00fablica, transformar o modificar los Contenidos, salvo que, se cuente con la autorizaci\u00f3n del titular de los correspondientes derechos o esto resulte legalmente permitido.<\/p>\n\n\n\n<p>2\/ Suprimir, eludir o manipular el \u201ccopyright\u201d y otros datos identificativos de los derechos de sus titulares incorporados a los Contenidos, as\u00ed como los dispositivos t\u00e9cnicos de protecci\u00f3n, o cualesquier mecanismos de informaci\u00f3n que pudieran contener los Contenidos.<\/p>\n\n\n\n<p>3\/ Utilizar los canales de comunicaci\u00f3n puestos a disposici\u00f3n por MET. , para el env\u00edo de mensajes que no tengan relaci\u00f3n directa con la tem\u00e1tica del portal, en particular, contenidos ilegales, il\u00edcitos, difamatorios o cualquier otro que pudiera lesionar los derechos de terceros o efectuar da\u00f1os a sistemas inform\u00e1ticos. MET. se reserva el derecho a retirar cualquier mensaje que a su juicio considere inadecuado. Asimismo el Usuario se obliga a custodiar diligentemente y mantener en secreto las contrase\u00f1as proporcionadas por MET. y a asumir las consecuencias o perjuicios econ\u00f3micos sufridos por la falta de diligencia de la custodia de las mismas.<\/p>\n\n\n\n<p>b) El Portal: MET. no controla ni garantiza la ausencia de virus ni de otros elementos en los Contenidos que puedan producir alteraciones en el sistema inform\u00e1tico (software y hardware) o en los documentos electr\u00f3nicos y ficheros almacenados en el sistema inform\u00e1tico del Usuario.<\/p>\n\n\n\n<p>3.7 Denegaci\u00f3n y retirada del acceso al Portal y\/o Servicios: MET.se reserva el derecho a denegar o retirar el acceso al Portal y\/o a los Servicios, en cualquier momento y sin necesidad de previo aviso a aquellos USUARIOS que incumplan estas Condiciones Generales.<\/p>\n\n\n\n<p>3.8 Uso de los Servicios ofrecidos en el Portal de MET. en conformidad con la Pol\u00edtica de Publicidad no Consentida regulada en la Ley de Servicios de la Sociedad de la Informaci\u00f3n y Comercio Electr\u00f3nico (LSSICE) El USUARIO y MET.se obligan a hacer un uso de los Servicios conforme a la Pol\u00edtica de Publicidad no Consentida, y en particular, se comprometen a: No enviar cadenas de mensajes electr\u00f3nicos no solicitados. En el supuesto de env\u00edo publicitario por parte de MET.a los Usuarios se remitir\u00e1 con la palabra \u201cpublicidad\u201d para no inducir a error.<\/p>\n\n\n\n<p>Las personas perjudicadas por la recepci\u00f3n de mensajes no solicitados dirigidos a una pluralidad de personas podr\u00e1n comunicarlo a MET. mediante los mecanismos expresados a \u2018Pol\u00edtica de Privacidad\u2019.<\/p>\n\n\n\n<p><strong>4) Enlaces y v\u00ednculos.<\/strong><\/p>\n\n\n\n<p>MET. NO AUTORIZA el establecimiento de v\u00ednculos a su \u201cweb\u201d, salvo que se solicite expresamente su consentimiento.<\/p>\n\n\n\n<p>Queda expresamente prohibido cualquier tipo de transmisi\u00f3n de datos a este \u201cweb\u201d u otros accesos controlados por MET. que infrinjan o lesionen los derechos de terceros y\/o el contenido de los cuales pueda ser injurioso, difamatorio, obsceno, pornogr\u00e1fico, as\u00ed como la transmisi\u00f3n de cualquier otro material que constituya una conducta que pueda ser considerada delictiva.<\/p>\n\n\n\n<p>MET. no asume ninguna responsabilidad por el contenido de cualquier foro o debate en Internet, boletines o cualquier otro tipo de transmisiones que est\u00e9n vinculadas a este \u201cweb\u201d. Cooperar\u00e1, si es requerida por orden judicial o por las autoridades pertinentes, en la identificaci\u00f3n de las personas responsables de aquellos contenidos que incumplan la ley.<\/p>\n\n\n\n<p><strong>5) Propiedad industrial e intelectual.<\/strong><\/p>\n\n\n\n<p>Todos los contenidos incluidos en la p\u00e1gina \u201cweb\u201d y en particular las marcas, nombres comerciales, dise\u00f1os industriales, dise\u00f1os, textos, v\u00eddeos, fotograf\u00edas, gr\u00e1ficos, logotipos, iconos, fonogramas, software o cualesquier otras signos susceptibles de utilizaci\u00f3n industrial y comercial (en adelante EL CONTENIDO), est\u00e1n protegidos por los derechos de propiedad industrial e intelectual de MET. o de terceros titulares de los mismos que han autorizado su inclusi\u00f3n en el lugar \u201cweb\u201d. Queda, por lo tanto, prohibida cualquier utilizaci\u00f3n, reproducci\u00f3n, y\/o comunicaci\u00f3n p\u00fablica de los mismos sin el consentimiento expreso de MET.. Asimismo queda prohibida la reproducci\u00f3n, distribuci\u00f3n, modificaci\u00f3n, venta, alquiler, cesi\u00f3n, transmisi\u00f3n o adaptaci\u00f3n en todo o en parte del CONTENIDO del \u201cweb\u201d, sin la autorizaci\u00f3n expresa y por escrito de MET..<\/p>\n\n\n\n<p>MET. no ser\u00e1 responsable de la infracci\u00f3n de los derechos de propiedad intelectual o industrial de terceros que pudieran derivarse de la inclusi\u00f3n en el \u201cweb\u201d de marcas, nombres comerciales, dise\u00f1os industriales, patentes, dise\u00f1os, textos, fotograf\u00edas, gr\u00e1ficos, logotipos, iconos o software pertenecientes a terceros que hayan declarado ser titulares de los mismos al incluirlos en la p\u00e1gina \u201cweb\u201d.<\/p>\n\n\n\n<p>En caso alguno se entender\u00e1 que el acceso y la \u201cnavegaci\u00f3n\u201d del usuario implica una autorizaci\u00f3n o que se efect\u00faa renuncia, transmisi\u00f3n, cesi\u00f3n total o parcial de tales derechos ni la concesi\u00f3n de ning\u00fan derecho ni expectativa de derecho y en concreto, de la alteraci\u00f3n, transformaci\u00f3n, explotaci\u00f3n, reproducci\u00f3n, distribuci\u00f3n o comunicaci\u00f3n p\u00fablica sobre los contenidos sin la previa autorizaci\u00f3n expresa de MET. o de los titulares correspondientes.<\/p>\n\n\n\n<h3 class=\"wp-block-heading\"><strong>AVISO LEGAL PARA REDES SOCIALES<\/strong><\/h3>\n\n\n\n<p>Aviso Legal en las Redes Sociales oficiales de MET. . El acceso y uso de estas p\u00e1ginas requiere de la aceptaci\u00f3n de las condiciones generales de uso de redes sociales y la pol\u00edtica de privacidad que m\u00e1s abajo se detalla y se completa con la pol\u00edtica y las normas de las plataformas de red social de Facebook, Youtube e Instagram. Para cualquier consulta o contacto con MET.los usuarios podr\u00e1n comunicarse a trav\u00e9s de la siguiente direcci\u00f3n electr\u00f3nica: info@masajeseroticostarragona.com<\/p>\n\n\n\n<p><strong>1. Condiciones de uso de la p\u00e1gina oficial de MET.<\/strong> <strong>en Facebook, Youtube e Instagram:<\/strong><\/p>\n\n\n\n<p>La p\u00e1gina oficial de MET. en Facebook, Youtube e Instagram, es responsable de su administraci\u00f3n.<\/p>\n\n\n\n<p>El usuario que visite.<\/p>\n\n\n\n<p>Por favor lea atentamente estas condiciones de uso ya que contienen toda la informaci\u00f3n relativa a sus derechos y obligaciones como usuario de la p\u00e1gina oficial de MET. en Facebook, Youtube e Instagram. El acceso y uso de la p\u00e1gina oficial de MET. en Facebook, Youtube e Instagram est\u00e1 sujeto adem\u00e1s al cumplimiento de las condiciones establecidas por Facebook, Youtube e Instagram como titular de la plataforma del servicio de red social.<\/p>\n\n\n\n<p>Cuando el usuario accede o utiliza la p\u00e1gina oficial de MET. en Facebook, Youtube e Instagram manifiesta su consentimiento y aceptaci\u00f3n del cumplimiento de lo establecido en las presentes condiciones de uso.<\/p>\n\n\n\n<p><strong>2. Usos permitidos y usos prohibidos<\/strong><\/p>\n\n\n\n<p>A trav\u00e9s de la p\u00e1gina oficial de MET. en Facebook, Youtube e Instagram se facilita un espacio en el que el usuario puede publicar e intercambiar informaci\u00f3n y contenidos as\u00ed como establecer comunicaci\u00f3n entre varios usuarios.<\/p>\n\n\n\n<p>El uso de la p\u00e1gina oficial de MET. no puede tener una finalidad econ\u00f3mica o comercial.<\/p>\n\n\n\n<p>El usuario est\u00e1 obligado a realizar un uso razonable de la p\u00e1gina oficial de MET. en Facebook, Youtube e Instagram y de sus contenidos, seg\u00fan las posibilidades y fines para los que est\u00e1 concebido de acuerdo con los usos y costumbres, la moral, la legislaci\u00f3n vigente, las presentes normas y las normas y pol\u00edticas publicadas por Facebook, Youtube e Instagram. El usuario ser\u00e1 el \u00fanico responsable de la informaci\u00f3n, im\u00e1genes, opiniones, alusiones o contenidos de cualquier tipo que comunique, aloje, transmita, ponga a disposici\u00f3n o exhiba a trav\u00e9s de la p\u00e1gina oficial de MET. en Facebook, Youtube e Instagram.<\/p>\n\n\n\n<p>MET. no podr\u00e1 ser considerado responsable editorial de los contenidos publicados por el usuario y declara expresamente que no se identifica con ninguna de las opiniones que los usuarios publiquen en la p\u00e1gina oficial de MET. en Facebook, Youtube e Instagram de cuyas consecuencias se hace enteramente responsable el emisor de las mismas.<\/p>\n\n\n\n<p>En todo caso, queda prohibido el uso de la p\u00e1gina oficial de MET. en Facebook, Youtube e Instagram con fines ilegales o no autorizados, con o sin finalidad econ\u00f3mica, y, m\u00e1s espec\u00edficamente y sin que el siguiente listado tenga car\u00e1cter limitativo, queda prohibido:<\/p>\n\n\n\n<p>\u2013&nbsp; Alojar, almacenar, divulgar, publicar, distribuir o compartir cualquier contenido que pueda ser considerado como una vulneraci\u00f3n en cualquier forma de los derechos fundamentales al honor, imagen e intimidad personal y familiar de terceros, protecci\u00f3n de datos y, muy especialmente, de los menores de edad.<\/p>\n\n\n\n<p>\u2013&nbsp; Alojar, almacenar, divulgar, publicar, distribuir o compartir im\u00e1genes o fotograf\u00edas que recojan im\u00e1genes o datos personales de terceros sin haber obtenido el oportuno consentimiento de sus titulares.<\/p>\n\n\n\n<p>\u2013\u00a0 Reproducir, distribuir, poner a disposici\u00f3n o de cualquier otro modo compartir, dentro o fuera de la p\u00e1gina oficial de MET. en Facebook, Youtube e Instagram red, fotograf\u00edas o im\u00e1genes que hayan sido puestas a disposici\u00f3n por otros usuarios de la citada p\u00e1gina.<\/p>\n\n\n\n<p>\u2013&nbsp; Alojar, almacenar, divulgar, publicar, distribuir o compartir cualquier material o informaci\u00f3n que sea ilegal, racista, obscena, pornogr\u00e1fica, abusiva, difamatoria, enga\u00f1osa, fraudulenta o de cualquier forma contraria a la moral o al orden p\u00fablico.<\/p>\n\n\n\n<p>\u2013&nbsp; Usar el servicio para injuriar, difamar, intimidar, violar la propia imagen o acosar a otros usuarios y\/o terceros.<\/p>\n\n\n\n<p>\u2013\u00a0 Introducir virus inform\u00e1ticos, archivos defectuosos, o alojar, almacenar, distribuir o compartir cualquier otro material o programa inform\u00e1tico que pueda provocar da\u00f1os o alteraciones en los contenidos, programas o sistemas de la p\u00e1gina oficial de MET. en Facebook, Youtube e Instagram as\u00ed como de la propia plataforma de red social de Facebook, Youtube e Instagram.<\/p>\n\n\n\n<p>\u2013\u00a0 Utilizar la p\u00e1gina oficial de MET. en Facebook, Youtube e Instagram para el env\u00edo de publicidad o comunicaciones comerciales, para la emisi\u00f3n de mensajes con finalidad publicitaria o para la captaci\u00f3n de datos con el mismo fin.<\/p>\n\n\n\n<p>\u2013\u00a0 Utilizar la p\u00e1gina oficial de MET. en Facebook, Youtube e Instagram, con independencia de su finalidad, para remitir correos electr\u00f3nicos con car\u00e1cter masivo y\/o repetitivo no solicitados a una pluralidad de personas, ni mandar direcciones de correo electr\u00f3nico de terceros sin su consentimiento.<\/p>\n\n\n\n<p>\u2013&nbsp; Suplantar la personalidad de un tercero con cualquier finalidad.<\/p>\n\n\n\n<p>\u2013\u00a0 MET. podr\u00e1 poner en conocimiento y colaborar oportunamente con las autoridades policiales, judiciales y\/o administrativas competentes si detectase un uso ilegal de su p\u00e1gina oficial en Facebook, Youtube e Instagram.<\/p>\n\n\n\n<p><strong>3. Propiedad intelectual, propiedad industrial y derechos de terceros<\/strong><\/p>\n\n\n\n<p>El usuario queda informado de que los contenidos y servicios ofrecidos a trav\u00e9s de esta p\u00e1gina oficial -incluyendo textos, gr\u00e1ficos, im\u00e1genes, animaciones, creaciones musicales, v\u00eddeos, sonidos, dibujos, fotograf\u00edas, todos los comentarios, exposiciones y c\u00f3digo html de la misma, as\u00ed como las marcas, nombres comerciales o signos distintivos que aparecen sin que esta enumeraci\u00f3n tenga car\u00e1cter limitativo- se encuentran protegidos por las leyes de propiedad intelectual e industrial. La titularidad de los derechos sobre cualesquiera contenidos anteriormente mencionados puede corresponder tanto a Masajes er\u00f3ticos Tarragona como a terceras personas f\u00edsicas y\/o jur\u00eddicas.<\/p>\n\n\n\n<p>La publicaci\u00f3n de los contenidos antedichos a trav\u00e9s de la p\u00e1gina oficial de MET. en Facebook, Youtube e Instagram no implicar\u00e1 en ning\u00fan caso la cesi\u00f3n, renuncia o transmisi\u00f3n, total o parcial, de la titularidad de los correspondientes derechos de propiedad intelectual e industrial por MET. y\/o sus terceros leg\u00edtimos titulares al usuario.<\/p>\n\n\n\n<p>Bajo ning\u00fan concepto, el usuario podr\u00e1 realizar un uso o utilizaci\u00f3n de los servicios y contenidos existentes en el sitio que no sea exclusivamente personal.<\/p>\n\n\n\n<p><strong>4. Modificaciones<\/strong><\/p>\n\n\n\n<p>MET. podr\u00e1 modificar y\/o sustituir en cualquier momento las presentes condiciones de uso que, seg\u00fan los casos, sustituir\u00e1n, completar\u00e1n y\/o modificar\u00e1n las actualmente publicadas aqu\u00ed recogidas. Por ello el usuario deber\u00e1 acceder peri\u00f3dicamente a las mismas con el fin de mantenerse actualizado. Asimismo el usuario puede consultar las normas y pol\u00edticas publicadas por Facebook, Youtube e Instagram para el uso de la plataforma de red social.<\/p>\n\n\n\n<p><strong>5.Pol\u00edtica de privacidad en las Redes Sociales oficiales de MET.<\/strong><\/p>\n\n\n\n<p>1. Datos de menores de edad o incapaces<\/p>\n\n\n\n<p>El acceso y registro en Facebook, Youtube e Instagram est\u00e1 prohibido a los menores de catorce (14) a\u00f1os, de forma que igualmente queda prohibido el acceso y uso de los menores de catorce (14 a\u00f1os) a la p\u00e1gina oficial de MET. en Facebook, Youtube e Instagram. Por su parte, si el usuario es incapaz, MET.a dvierte que ser\u00e1 necesaria la asistencia consentida del titular de la patria potestad o tutela del usuario o su representante legal para el acceso y uso de la p\u00e1gina oficial de MET. en Facebook, Youtube e Instagram. MET. quedar\u00e1 expresamente exonerada de cualquier responsabilidad que pudiera derivarse del uso de su p\u00e1gina oficial por menores e incapaces siendo dicha responsabilidad de sus representantes legales en cada caso.<\/p>\n\n\n\n<p><strong>AVISO SOBRE TRATAMIENTOS Y MASAJES Y CONTENIDO DE LA WEB<\/strong><\/p>\n\n\n\n<p>CONDICIONES DE USO DEL SERVICIO<\/p>\n\n\n\n<p>La informaci\u00f3n facilitada por este medio no puede, en modo alguno, sustituir a un servicio de atenci\u00f3n m\u00e9dica directa, as\u00ed como tampoco debe utilizarse con el fin de establecer un diagn\u00f3stico, o elegir un tratamiento en casos particulares.<br>En nuestros servicios no se har\u00e1 ninguna recomendaci\u00f3n, expl\u00edcita o impl\u00edcita, sobre f\u00e1rmacos, t\u00e9cnicas, productos, etc\u2026 que se citar\u00e1n en todo caso, \u00fanicamente con finalidad informativa.<br>La utilizaci\u00f3n de nuestros servicios se lleva a cabo bajo la exclusiva responsabilidad de los usuarios.<br>La informaci\u00f3n intercambiada en este servicio es confidencial, sin embargo su contenido podr\u00e1 ser publicado omitiendo toda referencia a datos personales.<\/p>\n","protected":false},"excerpt":{"rendered":"<p>En cumplimiento con el art. 10 de la Ley 34\/2002, de 11 de julio, de servicios de la sociedad de la informaci\u00f3n y del comercio electr\u00f3nico, informamos la sociedad Masajes er\u00f3ticos Tarragona, C\/ Vendrell 14, Salou, Tarragona T\u00c9RMINOS Y CONDICIONES 1) Condiciones Generales de utilizaci\u00f3n de la p\u00e1gina web y aceptaci\u00f3n de las mismas. Mediante [&hellip;]<\/p>\n","protected":false},"author":1,"featured_media":0,"parent":0,"menu_order":0,"comment_status":"closed","ping_status":"closed","template":"","meta":{"_joinchat":[],"footnotes":""},"class_list":["post-476","page","type-page","status-publish","hentry"],"yoast_head":"<!-- This site is optimized with the Yoast SEO plugin v27.5 - https:\/\/yoast.com\/product\/yoast-seo-wordpress\/ -->\n<title>Nota legal - Masajes Er\u00f3ticos Tarragona Reus Salou | Masajes Final Feliz<\/title>\n<meta name=\"robots\" content=\"noindex, nofollow\" \/>\n<meta property=\"og:locale\" content=\"es_ES\" \/>\n<meta property=\"og:type\" content=\"article\" \/>\n<meta property=\"og:title\" content=\"Nota legal - Masajes Er\u00f3ticos Tarragona Reus Salou | Masajes Final Feliz\" \/>\n<meta property=\"og:description\" content=\"En cumplimiento con el art. 10 de la Ley 34\/2002, de 11 de julio, de servicios de la sociedad de la informaci\u00f3n y del comercio electr\u00f3nico, informamos la sociedad Masajes er\u00f3ticos Tarragona, C\/ Vendrell 14, Salou, Tarragona T\u00c9RMINOS Y CONDICIONES 1) Condiciones Generales de utilizaci\u00f3n de la p\u00e1gina web y aceptaci\u00f3n de las mismas. Mediante [&hellip;]\" \/>\n<meta property=\"og:url\" content=\"https:\/\/masajeseroticostarragona.com\/?page_id=476\" \/>\n<meta property=\"og:site_name\" content=\"Masajes Er\u00f3ticos Tarragona Reus Salou | Masajes Final Feliz\" \/>\n<meta property=\"article:modified_time\" content=\"2020-10-21T21:23:37+00:00\" \/>\n<meta name=\"twitter:card\" content=\"summary_large_image\" \/>\n<meta name=\"twitter:label1\" content=\"Tiempo de lectura\" \/>\n\t<meta name=\"twitter:data1\" content=\"14 minutos\" \/>\n<!-- \/ Yoast SEO plugin. -->","yoast_head_json":{"title":"Nota legal - Masajes Er\u00f3ticos Tarragona Reus Salou | Masajes Final Feliz","robots":{"index":"noindex","follow":"nofollow"},"og_locale":"es_ES","og_type":"article","og_title":"Nota legal - Masajes Er\u00f3ticos Tarragona Reus Salou | Masajes Final Feliz","og_description":"En cumplimiento con el art. 10 de la Ley 34\/2002, de 11 de julio, de servicios de la sociedad de la informaci\u00f3n y del comercio electr\u00f3nico, informamos la sociedad Masajes er\u00f3ticos Tarragona, C\/ Vendrell 14, Salou, Tarragona T\u00c9RMINOS Y CONDICIONES 1) Condiciones Generales de utilizaci\u00f3n de la p\u00e1gina web y aceptaci\u00f3n de las mismas. Mediante [&hellip;]","og_url":"https:\/\/masajeseroticostarragona.com\/?page_id=476","og_site_name":"Masajes Er\u00f3ticos Tarragona Reus Salou | Masajes Final Feliz","article_modified_time":"2020-10-21T21:23:37+00:00","twitter_card":"summary_large_image","twitter_misc":{"Tiempo de lectura":"14 minutos"},"schema":{"@context":"https:\/\/schema.org","@graph":[{"@type":"WebPage","@id":"https:\/\/masajeseroticostarragona.com\/?page_id=476","url":"https:\/\/masajeseroticostarragona.com\/?page_id=476","name":"Nota legal - Masajes Er\u00f3ticos Tarragona Reus Salou | Masajes Final Feliz","isPartOf":{"@id":"https:\/\/masajeseroticostarragona.com\/#website"},"datePublished":"2020-10-21T21:22:46+00:00","dateModified":"2020-10-21T21:23:37+00:00","breadcrumb":{"@id":"https:\/\/masajeseroticostarragona.com\/?page_id=476#breadcrumb"},"inLanguage":"es","potentialAction":[{"@type":"ReadAction","target":["https:\/\/masajeseroticostarragona.com\/?page_id=476"]}]},{"@type":"BreadcrumbList","@id":"https:\/\/masajeseroticostarragona.com\/?page_id=476#breadcrumb","itemListElement":[{"@type":"ListItem","position":1,"name":"Portada","item":"https:\/\/masajeseroticostarragona.com\/"},{"@type":"ListItem","position":2,"name":"Nota legal"}]},{"@type":"WebSite","@id":"https:\/\/masajeseroticostarragona.com\/#website","url":"https:\/\/masajeseroticostarragona.com\/","name":"Masajes Er\u00f3ticos Tarragona Reus Salou | Masajes Final Feliz","description":"Masajes er\u00f3ticos en Tarragona, Reus y Salou por profesionales con final feliz.","publisher":{"@id":"https:\/\/masajeseroticostarragona.com\/#organization"},"potentialAction":[{"@type":"SearchAction","target":{"@type":"EntryPoint","urlTemplate":"https:\/\/masajeseroticostarragona.com\/?s={search_term_string}"},"query-input":{"@type":"PropertyValueSpecification","valueRequired":true,"valueName":"search_term_string"}}],"inLanguage":"es"},{"@type":"Organization","@id":"https:\/\/masajeseroticostarragona.com\/#organization","name":"masajes er\u00f3ticos tarragona","url":"https:\/\/masajeseroticostarragona.com\/","logo":{"@type":"ImageObject","inLanguage":"es","@id":"https:\/\/masajeseroticostarragona.com\/#\/schema\/logo\/image\/","url":"https:\/\/masajeseroticostarragona.com\/wp-content\/uploads\/2020\/09\/unnamed-1-e1601334250663.png","contentUrl":"https:\/\/masajeseroticostarragona.com\/wp-content\/uploads\/2020\/09\/unnamed-1-e1601334250663.png","width":222,"height":166,"caption":"masajes er\u00f3ticos tarragona"},"image":{"@id":"https:\/\/masajeseroticostarragona.com\/#\/schema\/logo\/image\/"}}]}},"jetpack-related-posts":[],"jetpack_sharing_enabled":true,"_links":{"self":[{"href":"https:\/\/masajeseroticostarragona.com\/index.php?rest_route=\/wp\/v2\/pages\/476","targetHints":{"allow":["GET"]}}],"collection":[{"href":"https:\/\/masajeseroticostarragona.com\/index.php?rest_route=\/wp\/v2\/pages"}],"about":[{"href":"https:\/\/masajeseroticostarragona.com\/index.php?rest_route=\/wp\/v2\/types\/page"}],"author":[{"embeddable":true,"href":"https:\/\/masajeseroticostarragona.com\/index.php?rest_route=\/wp\/v2\/users\/1"}],"replies":[{"embeddable":true,"href":"https:\/\/masajeseroticostarragona.com\/index.php?rest_route=%2Fwp%2Fv2%2Fcomments&post=476"}],"version-history":[{"count":0,"href":"https:\/\/masajeseroticostarragona.com\/index.php?rest_route=\/wp\/v2\/pages\/476\/revisions"}],"wp:attachment":[{"href":"https:\/\/masajeseroticostarragona.com\/index.php?rest_route=%2Fwp%2Fv2%2Fmedia&parent=476"}],"curies":[{"name":"wp","href":"https:\/\/api.w.org\/{rel}","templated":true}]}}