{"id":548,"date":"2020-10-23T15:52:16","date_gmt":"2020-10-23T14:52:16","guid":{"rendered":"https:\/\/masajeseroticostarragona.com\/?page_id=548"},"modified":"2020-10-25T09:05:01","modified_gmt":"2020-10-25T08:05:01","slug":"como-anadir-un-anuncio","status":"publish","type":"page","link":"https:\/\/masajeseroticostarragona.com\/?page_id=548","title":{"rendered":"\u00bfComo a\u00f1adir un anuncio?"},"content":{"rendered":"\n<p>Lo primero que hay que hacer es registrarse con un nombre de usuario, un correo y una contrase\u00f1a de 6 d\u00edgitos. Despu\u00e9s seleccionar la categor\u00eda donde queremos insertar nuestro anuncio.<\/p>\n\n\n\n<figure class=\"wp-block-gallery columns-3 is-cropped wp-block-gallery-1 is-layout-flex wp-block-gallery-is-layout-flex\"><ul class=\"blocks-gallery-grid\"><li class=\"blocks-gallery-item\"><figure><img loading=\"lazy\" decoding=\"async\" width=\"540\" height=\"556\" src=\"https:\/\/masajeseroticostarragona.com\/wp-content\/uploads\/2020\/10\/registrarse-2.png\" alt=\"masajes\" data-id=\"553\" data-full-url=\"https:\/\/masajeseroticostarragona.com\/wp-content\/uploads\/2020\/10\/registrarse-2.png\" data-link=\"https:\/\/masajeseroticostarragona.com\/?attachment_id=553\" class=\"wp-image-553\" srcset=\"https:\/\/masajeseroticostarragona.com\/wp-content\/uploads\/2020\/10\/registrarse-2.png?v=1605697953 540w, https:\/\/masajeseroticostarragona.com\/wp-content\/uploads\/2020\/10\/registrarse-2-146x150.png?v=1605697953 146w, https:\/\/masajeseroticostarragona.com\/wp-content\/uploads\/2020\/10\/registrarse-2-50x50.png?v=1605697953 50w, https:\/\/masajeseroticostarragona.com\/wp-content\/uploads\/2020\/10\/registrarse-2-20x20.png?v=1605697953 20w\" sizes=\"auto, (max-width: 540px) 100vw, 540px\" \/><\/figure><\/li><li class=\"blocks-gallery-item\"><figure><img loading=\"lazy\" decoding=\"async\" width=\"459\" height=\"547\" src=\"https:\/\/masajeseroticostarragona.com\/wp-content\/uploads\/2020\/10\/registrarse2-2.png\" alt=\"masajes tarragona\" data-id=\"554\" data-full-url=\"https:\/\/masajeseroticostarragona.com\/wp-content\/uploads\/2020\/10\/registrarse2-2.png\" data-link=\"https:\/\/masajeseroticostarragona.com\/?attachment_id=554\" class=\"wp-image-554\" srcset=\"https:\/\/masajeseroticostarragona.com\/wp-content\/uploads\/2020\/10\/registrarse2-2.png?v=1605697953 459w, https:\/\/masajeseroticostarragona.com\/wp-content\/uploads\/2020\/10\/registrarse2-2-126x150.png?v=1605697953 126w, https:\/\/masajeseroticostarragona.com\/wp-content\/uploads\/2020\/10\/registrarse2-2-42x50.png?v=1605697953 42w, https:\/\/masajeseroticostarragona.com\/wp-content\/uploads\/2020\/10\/registrarse2-2-17x20.png?v=1605697953 17w\" sizes=\"auto, (max-width: 459px) 100vw, 459px\" \/><\/figure><\/li><li class=\"blocks-gallery-item\"><figure><img loading=\"lazy\" decoding=\"async\" width=\"1200\" height=\"913\" src=\"https:\/\/masajeseroticostarragona.com\/wp-content\/uploads\/2020\/10\/20201023_132656-1-1200x913.jpg\" alt=\"scorts tarrargona\" data-id=\"555\" data-full-url=\"https:\/\/masajeseroticostarragona.com\/wp-content\/uploads\/2020\/10\/20201023_132656-1.jpg\" data-link=\"https:\/\/masajeseroticostarragona.com\/?attachment_id=555\" class=\"wp-image-555\" srcset=\"https:\/\/masajeseroticostarragona.com\/wp-content\/uploads\/2020\/10\/20201023_132656-1-1200x913.jpg?v=1605697955 1200w, https:\/\/masajeseroticostarragona.com\/wp-content\/uploads\/2020\/10\/20201023_132656-1-197x150.jpg?v=1605697955 197w, https:\/\/masajeseroticostarragona.com\/wp-content\/uploads\/2020\/10\/20201023_132656-1-50x38.jpg?v=1605697955 50w, https:\/\/masajeseroticostarragona.com\/wp-content\/uploads\/2020\/10\/20201023_132656-1-768x585.jpg?v=1605697955 768w, https:\/\/masajeseroticostarragona.com\/wp-content\/uploads\/2020\/10\/20201023_132656-1-1536x1169.jpg?v=1605697955 1536w, https:\/\/masajeseroticostarragona.com\/wp-content\/uploads\/2020\/10\/20201023_132656-1-2048x1559.jpg?v=1605697955 2048w, https:\/\/masajeseroticostarragona.com\/wp-content\/uploads\/2020\/10\/20201023_132656-1-20x15.jpg?v=1605697955 20w\" sizes=\"auto, (max-width: 1200px) 100vw, 1200px\" \/><\/figure><\/li><\/ul><\/figure>\n\n\n\n<p>Una vez hecho esto, solo seguir los pasos. fij\u00e1ndote  siempre que no cometes alg\u00fan error o te olvidas alg\u00fan campo. Puedes insertar hasta 5 fotograf\u00edas.<\/p>\n\n\n\n<p>Despu\u00e9s tendr\u00e1s tu escritorio (dashboard) donde podr\u00e1s ver y gestionar cada uno de tus anuncios. Puedes hacer esto en el s\u00edmbolo + debajo de tus anuncios.<br>Bueno ahora que ya sabemos como a\u00f1adir un anuncio vamos alla!!<\/p>\n\n\n\n<div class=\"wp-block-buttons is-layout-flex wp-block-buttons-is-layout-flex\">\n<div class=\"wp-block-button\"><a class=\"wp-block-button__link has-pale-pink-color has-text-color\" href=\"https:\/\/masajeseroticostarragona.com\/crear-anuncio\/\">A\u00d1ADIR UN ANUNCIO<\/a><\/div>\n<\/div>\n","protected":false},"excerpt":{"rendered":"<p>Lo primero que hay que hacer es registrarse con un nombre de usuario, un correo y una contrase\u00f1a de 6 d\u00edgitos. Despu\u00e9s seleccionar la categor\u00eda donde queremos insertar nuestro anuncio. Una vez hecho esto, solo seguir los pasos. fij\u00e1ndote siempre que no cometes alg\u00fan error o te olvidas alg\u00fan campo. Puedes insertar hasta 5 fotograf\u00edas. [&hellip;]<\/p>\n","protected":false},"author":1,"featured_media":0,"parent":0,"menu_order":0,"comment_status":"closed","ping_status":"closed","template":"","meta":{"_joinchat":[],"footnotes":""},"class_list":["post-548","page","type-page","status-publish","hentry"],"yoast_head":"<!-- This site is optimized with the Yoast SEO plugin v27.5 - https:\/\/yoast.com\/product\/yoast-seo-wordpress\/ -->\n<title>\u00bfComo a\u00f1adir un anuncio? - Masajes Er\u00f3ticos Tarragona Reus Salou | Masajes Final Feliz<\/title>\n<meta name=\"robots\" content=\"index, follow, max-snippet:-1, max-image-preview:large, max-video-preview:-1\" \/>\n<link rel=\"canonical\" href=\"https:\/\/masajeseroticostarragona.com\/?page_id=548\" \/>\n<meta property=\"og:locale\" content=\"es_ES\" \/>\n<meta property=\"og:type\" content=\"article\" \/>\n<meta property=\"og:title\" content=\"\u00bfComo a\u00f1adir un anuncio? - Masajes Er\u00f3ticos Tarragona Reus Salou | Masajes Final Feliz\" \/>\n<meta property=\"og:description\" content=\"Lo primero que hay que hacer es registrarse con un nombre de usuario, un correo y una contrase\u00f1a de 6 d\u00edgitos. Despu\u00e9s seleccionar la categor\u00eda donde queremos insertar nuestro anuncio. Una vez hecho esto, solo seguir los pasos. fij\u00e1ndote siempre que no cometes alg\u00fan error o te olvidas alg\u00fan campo. Puedes insertar hasta 5 fotograf\u00edas. [&hellip;]\" \/>\n<meta property=\"og:url\" content=\"https:\/\/masajeseroticostarragona.com\/?page_id=548\" \/>\n<meta property=\"og:site_name\" content=\"Masajes Er\u00f3ticos Tarragona Reus Salou | Masajes Final Feliz\" \/>\n<meta property=\"article:modified_time\" content=\"2020-10-25T08:05:01+00:00\" \/>\n<meta property=\"og:image\" content=\"https:\/\/masajeseroticostarragona.com\/wp-content\/uploads\/2020\/10\/registrarse-2.png\" \/>\n<meta name=\"twitter:card\" content=\"summary_large_image\" \/>\n<meta name=\"twitter:label1\" content=\"Tiempo de lectura\" \/>\n\t<meta name=\"twitter:data1\" content=\"1 minuto\" \/>\n<!-- \/ Yoast SEO plugin. -->","yoast_head_json":{"title":"\u00bfComo a\u00f1adir un anuncio? - Masajes Er\u00f3ticos Tarragona Reus Salou | Masajes Final Feliz","robots":{"index":"index","follow":"follow","max-snippet":"max-snippet:-1","max-image-preview":"max-image-preview:large","max-video-preview":"max-video-preview:-1"},"canonical":"https:\/\/masajeseroticostarragona.com\/?page_id=548","og_locale":"es_ES","og_type":"article","og_title":"\u00bfComo a\u00f1adir un anuncio? - Masajes Er\u00f3ticos Tarragona Reus Salou | Masajes Final Feliz","og_description":"Lo primero que hay que hacer es registrarse con un nombre de usuario, un correo y una contrase\u00f1a de 6 d\u00edgitos. Despu\u00e9s seleccionar la categor\u00eda donde queremos insertar nuestro anuncio. Una vez hecho esto, solo seguir los pasos. fij\u00e1ndote siempre que no cometes alg\u00fan error o te olvidas alg\u00fan campo. Puedes insertar hasta 5 fotograf\u00edas. [&hellip;]","og_url":"https:\/\/masajeseroticostarragona.com\/?page_id=548","og_site_name":"Masajes Er\u00f3ticos Tarragona Reus Salou | Masajes Final Feliz","article_modified_time":"2020-10-25T08:05:01+00:00","og_image":[{"url":"https:\/\/masajeseroticostarragona.com\/wp-content\/uploads\/2020\/10\/registrarse-2.png","type":"","width":"","height":""}],"twitter_card":"summary_large_image","twitter_misc":{"Tiempo de lectura":"1 minuto"},"schema":{"@context":"https:\/\/schema.org","@graph":[{"@type":"WebPage","@id":"https:\/\/masajeseroticostarragona.com\/?page_id=548","url":"https:\/\/masajeseroticostarragona.com\/?page_id=548","name":"\u00bfComo a\u00f1adir un anuncio? - Masajes Er\u00f3ticos Tarragona Reus Salou | Masajes Final Feliz","isPartOf":{"@id":"https:\/\/masajeseroticostarragona.com\/#website"},"primaryImageOfPage":{"@id":"https:\/\/masajeseroticostarragona.com\/?page_id=548#primaryimage"},"image":{"@id":"https:\/\/masajeseroticostarragona.com\/?page_id=548#primaryimage"},"thumbnailUrl":"https:\/\/masajeseroticostarragona.com\/wp-content\/uploads\/2020\/10\/registrarse-2.png","datePublished":"2020-10-23T14:52:16+00:00","dateModified":"2020-10-25T08:05:01+00:00","breadcrumb":{"@id":"https:\/\/masajeseroticostarragona.com\/?page_id=548#breadcrumb"},"inLanguage":"es","potentialAction":[{"@type":"ReadAction","target":["https:\/\/masajeseroticostarragona.com\/?page_id=548"]}]},{"@type":"ImageObject","inLanguage":"es","@id":"https:\/\/masajeseroticostarragona.com\/?page_id=548#primaryimage","url":"https:\/\/masajeseroticostarragona.com\/wp-content\/uploads\/2020\/10\/registrarse-2.png?v=1605697953","contentUrl":"https:\/\/masajeseroticostarragona.com\/wp-content\/uploads\/2020\/10\/registrarse-2.png?v=1605697953","width":540,"height":556,"caption":"masajes"},{"@type":"BreadcrumbList","@id":"https:\/\/masajeseroticostarragona.com\/?page_id=548#breadcrumb","itemListElement":[{"@type":"ListItem","position":1,"name":"Portada","item":"https:\/\/masajeseroticostarragona.com\/"},{"@type":"ListItem","position":2,"name":"\u00bfComo a\u00f1adir un anuncio?"}]},{"@type":"WebSite","@id":"https:\/\/masajeseroticostarragona.com\/#website","url":"https:\/\/masajeseroticostarragona.com\/","name":"Masajes Er\u00f3ticos Tarragona Reus Salou | Masajes Final Feliz","description":"Masajes er\u00f3ticos en Tarragona, Reus y Salou por profesionales con final feliz.","publisher":{"@id":"https:\/\/masajeseroticostarragona.com\/#organization"},"potentialAction":[{"@type":"SearchAction","target":{"@type":"EntryPoint","urlTemplate":"https:\/\/masajeseroticostarragona.com\/?s={search_term_string}"},"query-input":{"@type":"PropertyValueSpecification","valueRequired":true,"valueName":"search_term_string"}}],"inLanguage":"es"},{"@type":"Organization","@id":"https:\/\/masajeseroticostarragona.com\/#organization","name":"masajes er\u00f3ticos tarragona","url":"https:\/\/masajeseroticostarragona.com\/","logo":{"@type":"ImageObject","inLanguage":"es","@id":"https:\/\/masajeseroticostarragona.com\/#\/schema\/logo\/image\/","url":"https:\/\/masajeseroticostarragona.com\/wp-content\/uploads\/2020\/09\/unnamed-1-e1601334250663.png","contentUrl":"https:\/\/masajeseroticostarragona.com\/wp-content\/uploads\/2020\/09\/unnamed-1-e1601334250663.png","width":222,"height":166,"caption":"masajes er\u00f3ticos tarragona"},"image":{"@id":"https:\/\/masajeseroticostarragona.com\/#\/schema\/logo\/image\/"}}]}},"jetpack-related-posts":[],"jetpack_sharing_enabled":true,"_links":{"self":[{"href":"https:\/\/masajeseroticostarragona.com\/index.php?rest_route=\/wp\/v2\/pages\/548","targetHints":{"allow":["GET"]}}],"collection":[{"href":"https:\/\/masajeseroticostarragona.com\/index.php?rest_route=\/wp\/v2\/pages"}],"about":[{"href":"https:\/\/masajeseroticostarragona.com\/index.php?rest_route=\/wp\/v2\/types\/page"}],"author":[{"embeddable":true,"href":"https:\/\/masajeseroticostarragona.com\/index.php?rest_route=\/wp\/v2\/users\/1"}],"replies":[{"embeddable":true,"href":"https:\/\/masajeseroticostarragona.com\/index.php?rest_route=%2Fwp%2Fv2%2Fcomments&post=548"}],"version-history":[{"count":0,"href":"https:\/\/masajeseroticostarragona.com\/index.php?rest_route=\/wp\/v2\/pages\/548\/revisions"}],"wp:attachment":[{"href":"https:\/\/masajeseroticostarragona.com\/index.php?rest_route=%2Fwp%2Fv2%2Fmedia&parent=548"}],"curies":[{"name":"wp","href":"https:\/\/api.w.org\/{rel}","templated":true}]}}